{"id":8303,"date":"2026-03-10T04:00:25","date_gmt":"2026-03-10T08:00:25","guid":{"rendered":"https:\/\/www.paysagesrossignol.com\/product\/cantaloupe-minnesota-midget\/"},"modified":"2026-05-04T10:55:49","modified_gmt":"2026-05-04T14:55:49","slug":"cantaloupe-minnesota-midget","status":"publish","type":"product","link":"https:\/\/www.paysagesrossignol.com\/en\/product\/cantaloupe-minnesota-midget\/","title":{"rendered":"Cantaloup Minnesota Midget"},"content":{"rendered":"<h1>Voir disponibilit\u00e9 en magasin<\/h1>\n<p>Un vrai ph\u00e9nom\u00e8ne! Une vigne de 90 cm (3&#8242;) tr\u00e8s prolifique, de cantaloups de 10 cm (4&#8243;) au go\u00fbt sucr\u00e9 tr\u00e8s unique et \u00e0 la chair \u00e9paisse et jaune dor\u00e9e. R\u00e9siste au Fusarium<\/p>\n<p>60-100 jours \u00e0 la r\u00e9colte<\/p>\n<p>McKenzie<\/p>\n","protected":false},"excerpt":{"rendered":"<p>Voir disponibilit\u00e9 en magasin Un vrai ph\u00e9nom\u00e8ne! Une vigne de 90 cm (3&#8242;) tr\u00e8s prolifique, de cantaloups de 10 cm (4&#8243;) au go\u00fbt sucr\u00e9 tr\u00e8s unique et \u00e0 la chair \u00e9paisse et jaune dor\u00e9e. R\u00e9siste au Fusarium 60-100 jours \u00e0 la r\u00e9colte McKenzie<\/p>\n","protected":false},"featured_media":8304,"comment_status":"closed","ping_status":"open","template":"","meta":{"_acf_changed":false,"_seopress_robots_primary_cat":"","_seopress_titles_title":"","_seopress_titles_desc":"","_seopress_robots_index":"","_seopress_analysis_target_kw":""},"product_brand":[],"product_cat":[31,39],"product_tag":[],"class_list":{"0":"post-8303","1":"product","2":"type-product","3":"status-publish","4":"has-post-thumbnail","6":"product_cat-amenagement-jardin","7":"product_cat-semence-potagere","9":"first","10":"instock","11":"taxable","12":"shipping-taxable","13":"purchasable","14":"product-type-simple"},"acf":[],"_links":{"self":[{"href":"https:\/\/www.paysagesrossignol.com\/en\/wp-json\/wp\/v2\/product\/8303","targetHints":{"allow":["GET"]}}],"collection":[{"href":"https:\/\/www.paysagesrossignol.com\/en\/wp-json\/wp\/v2\/product"}],"about":[{"href":"https:\/\/www.paysagesrossignol.com\/en\/wp-json\/wp\/v2\/types\/product"}],"replies":[{"embeddable":true,"href":"https:\/\/www.paysagesrossignol.com\/en\/wp-json\/wp\/v2\/comments?post=8303"}],"wp:featuredmedia":[{"embeddable":true,"href":"https:\/\/www.paysagesrossignol.com\/en\/wp-json\/wp\/v2\/media\/8304"}],"wp:attachment":[{"href":"https:\/\/www.paysagesrossignol.com\/en\/wp-json\/wp\/v2\/media?parent=8303"}],"wp:term":[{"taxonomy":"product_brand","embeddable":true,"href":"https:\/\/www.paysagesrossignol.com\/en\/wp-json\/wp\/v2\/product_brand?post=8303"},{"taxonomy":"product_cat","embeddable":true,"href":"https:\/\/www.paysagesrossignol.com\/en\/wp-json\/wp\/v2\/product_cat?post=8303"},{"taxonomy":"product_tag","embeddable":true,"href":"https:\/\/www.paysagesrossignol.com\/en\/wp-json\/wp\/v2\/product_tag?post=8303"}],"curies":[{"name":"wp","href":"https:\/\/api.w.org\/{rel}","templated":true}]}}