{"id":8317,"date":"2026-03-10T04:00:32","date_gmt":"2026-03-10T08:00:32","guid":{"rendered":"https:\/\/www.paysagesrossignol.com\/product\/haricot-royal-burgundy-nain\/"},"modified":"2026-05-04T10:55:58","modified_gmt":"2026-05-04T14:55:58","slug":"haricot-royal-burgundy-nain","status":"publish","type":"product","link":"https:\/\/www.paysagesrossignol.com\/en\/product\/haricot-royal-burgundy-nain\/","title":{"rendered":"Haricot Royal Burgundy (Nain)"},"content":{"rendered":"<h1>Voir disponibilit\u00e9 en magasin<\/h1>\n<p>Un curieux petit haricot pourpre fonc\u00e9, facile \u00e0 cultiver qui donne une abondante r\u00e9colte de d\u00e9licieuses petites f\u00e8ves qui tournent au vert fonc\u00e9 lorsque cuites. Se mangent fra\u00eeches ou congel\u00e9es. Elles ont un go\u00fbt meilleur lorsqu&#8217;elles atteignent 10 cm (4&#8243;). \u00c9vitez de travailler parmi les plantes lorsqu&#8217;elles sont humides ou mouill\u00e9es pour r\u00e9duire les risques de maladie.<\/p>\n<p>55 jours \u00e0 la r\u00e9colte<\/p>\n<p>McKenzie<\/p>\n<p>&nbsp;<\/p>\n<p>&nbsp;<\/p>\n","protected":false},"excerpt":{"rendered":"<p>Voir disponibilit\u00e9 en magasin Un curieux petit haricot pourpre fonc\u00e9, facile \u00e0 cultiver qui donne une abondante r\u00e9colte de d\u00e9licieuses petites f\u00e8ves qui tournent au vert fonc\u00e9 lorsque cuites. Se mangent fra\u00eeches ou congel\u00e9es. Elles ont un go\u00fbt meilleur lorsqu&#8217;elles atteignent 10 cm (4&#8243;). \u00c9vitez de travailler parmi les plantes lorsqu&#8217;elles sont humides ou mouill\u00e9es [&hellip;]<\/p>\n","protected":false},"featured_media":8318,"comment_status":"closed","ping_status":"open","template":"","meta":{"_acf_changed":false,"_seopress_robots_primary_cat":"","_seopress_titles_title":"","_seopress_titles_desc":"","_seopress_robots_index":"","_seopress_analysis_target_kw":""},"product_brand":[],"product_cat":[31,39],"product_tag":[],"class_list":{"0":"post-8317","1":"product","2":"type-product","3":"status-publish","4":"has-post-thumbnail","6":"product_cat-amenagement-jardin","7":"product_cat-semence-potagere","9":"first","10":"instock","11":"taxable","12":"shipping-taxable","13":"purchasable","14":"product-type-simple"},"acf":[],"_links":{"self":[{"href":"https:\/\/www.paysagesrossignol.com\/en\/wp-json\/wp\/v2\/product\/8317","targetHints":{"allow":["GET"]}}],"collection":[{"href":"https:\/\/www.paysagesrossignol.com\/en\/wp-json\/wp\/v2\/product"}],"about":[{"href":"https:\/\/www.paysagesrossignol.com\/en\/wp-json\/wp\/v2\/types\/product"}],"replies":[{"embeddable":true,"href":"https:\/\/www.paysagesrossignol.com\/en\/wp-json\/wp\/v2\/comments?post=8317"}],"wp:featuredmedia":[{"embeddable":true,"href":"https:\/\/www.paysagesrossignol.com\/en\/wp-json\/wp\/v2\/media\/8318"}],"wp:attachment":[{"href":"https:\/\/www.paysagesrossignol.com\/en\/wp-json\/wp\/v2\/media?parent=8317"}],"wp:term":[{"taxonomy":"product_brand","embeddable":true,"href":"https:\/\/www.paysagesrossignol.com\/en\/wp-json\/wp\/v2\/product_brand?post=8317"},{"taxonomy":"product_cat","embeddable":true,"href":"https:\/\/www.paysagesrossignol.com\/en\/wp-json\/wp\/v2\/product_cat?post=8317"},{"taxonomy":"product_tag","embeddable":true,"href":"https:\/\/www.paysagesrossignol.com\/en\/wp-json\/wp\/v2\/product_tag?post=8317"}],"curies":[{"name":"wp","href":"https:\/\/api.w.org\/{rel}","templated":true}]}}