{"id":8327,"date":"2026-03-10T04:00:32","date_gmt":"2026-03-10T08:00:32","guid":{"rendered":"https:\/\/www.paysagesrossignol.com\/product\/betterave-early-wonder\/"},"modified":"2026-05-04T10:56:02","modified_gmt":"2026-05-04T14:56:02","slug":"betterave-early-wonder","status":"publish","type":"product","link":"https:\/\/www.paysagesrossignol.com\/en\/product\/betterave-early-wonder\/","title":{"rendered":"Betterave Early Wonder Tall Top"},"content":{"rendered":"<h1>Voir disponibilit\u00e9 en magasin<\/h1>\n<p>Convient parfaitement au potager familial. Racine longue semi-globuleuse de couleur rouge fonc\u00e9e. R\u00e9coltez lorsque le diam\u00e8tre est de 4-5 cm (1 1\/2&#8243;-2&#8243;). Excellente pour la table et la conserve. Cette vari\u00e9t\u00e9 se conserve bien. Pr\u00e9f\u00e8re un sol bien drain\u00e9, profond, fertile, meuble et riche en mati\u00e8re organique. Plantez pr\u00e8s des haricots nains, de la laitue et du chou-rave, mais loin des haricots \u00e0 rames.<\/p>\n<p>50-55 jours<\/p>\n<p>McKenzie<\/p>\n<p>&nbsp;<\/p>\n","protected":false},"excerpt":{"rendered":"<p>Voir disponibilit\u00e9 en magasin Convient parfaitement au potager familial. Racine longue semi-globuleuse de couleur rouge fonc\u00e9e. R\u00e9coltez lorsque le diam\u00e8tre est de 4-5 cm (1 1\/2&#8243;-2&#8243;). Excellente pour la table et la conserve. Cette vari\u00e9t\u00e9 se conserve bien. Pr\u00e9f\u00e8re un sol bien drain\u00e9, profond, fertile, meuble et riche en mati\u00e8re organique. Plantez pr\u00e8s des haricots [&hellip;]<\/p>\n","protected":false},"featured_media":8328,"comment_status":"closed","ping_status":"open","template":"","meta":{"_acf_changed":false,"_seopress_robots_primary_cat":"","_seopress_titles_title":"","_seopress_titles_desc":"","_seopress_robots_index":"","_seopress_analysis_target_kw":""},"product_brand":[],"product_cat":[31,39],"product_tag":[],"class_list":{"0":"post-8327","1":"product","2":"type-product","3":"status-publish","4":"has-post-thumbnail","6":"product_cat-amenagement-jardin","7":"product_cat-semence-potagere","9":"first","10":"instock","11":"taxable","12":"shipping-taxable","13":"purchasable","14":"product-type-simple"},"acf":[],"_links":{"self":[{"href":"https:\/\/www.paysagesrossignol.com\/en\/wp-json\/wp\/v2\/product\/8327","targetHints":{"allow":["GET"]}}],"collection":[{"href":"https:\/\/www.paysagesrossignol.com\/en\/wp-json\/wp\/v2\/product"}],"about":[{"href":"https:\/\/www.paysagesrossignol.com\/en\/wp-json\/wp\/v2\/types\/product"}],"replies":[{"embeddable":true,"href":"https:\/\/www.paysagesrossignol.com\/en\/wp-json\/wp\/v2\/comments?post=8327"}],"wp:featuredmedia":[{"embeddable":true,"href":"https:\/\/www.paysagesrossignol.com\/en\/wp-json\/wp\/v2\/media\/8328"}],"wp:attachment":[{"href":"https:\/\/www.paysagesrossignol.com\/en\/wp-json\/wp\/v2\/media?parent=8327"}],"wp:term":[{"taxonomy":"product_brand","embeddable":true,"href":"https:\/\/www.paysagesrossignol.com\/en\/wp-json\/wp\/v2\/product_brand?post=8327"},{"taxonomy":"product_cat","embeddable":true,"href":"https:\/\/www.paysagesrossignol.com\/en\/wp-json\/wp\/v2\/product_cat?post=8327"},{"taxonomy":"product_tag","embeddable":true,"href":"https:\/\/www.paysagesrossignol.com\/en\/wp-json\/wp\/v2\/product_tag?post=8327"}],"curies":[{"name":"wp","href":"https:\/\/api.w.org\/{rel}","templated":true}]}}