{"id":8353,"date":"2026-03-10T04:00:47","date_gmt":"2026-03-10T08:00:47","guid":{"rendered":"https:\/\/www.paysagesrossignol.com\/product\/belle-de-nuit-vigne-grimpante\/"},"modified":"2026-05-04T10:56:17","modified_gmt":"2026-05-04T14:56:17","slug":"belle-de-nuit-vigne-grimpante","status":"publish","type":"product","link":"https:\/\/www.paysagesrossignol.com\/en\/product\/belle-de-nuit-vigne-grimpante\/","title":{"rendered":"Belle de Nuit"},"content":{"rendered":"<h1>Voir disponibilit\u00e9 en magasin<\/h1>\n<p>Un spectacle f\u00e9\u00e9rique avec ses fleurs parfum\u00e9es blanches atteignant jusqu&#8217;\u00e0 15 cm (6&#8243;) de diam\u00e8tre. Elles s&#8217;\u00e9panouissent au cours de la soir\u00e9e et demeurent ouverts jusqu&#8217;\u00e0 midi le lendemain. Faites tremper les graines dans de l&#8217;eau \u00e0 temp\u00e9rature ambiante 12 \u00e0 24 heures avant le semis pour favoriser la germination. Un sol fertilis\u00e9 ou riche procurera un feuillage luxuriant, mais emp\u00eachera la floraison. Avis: Les semences sont v\u00e9n\u00e9neuse si ing\u00e9r\u00e9es. Annuelle. Ipomoea Alba<\/p>\n<p>60-90 jours \u00e0 la floraison<\/p>\n<p>McKenzie<\/p>\n<p>&nbsp;<\/p>\n<p>&nbsp;<\/p>\n","protected":false},"excerpt":{"rendered":"<p>Voir disponibilit\u00e9 en magasin Un spectacle f\u00e9\u00e9rique avec ses fleurs parfum\u00e9es blanches atteignant jusqu&#8217;\u00e0 15 cm (6&#8243;) de diam\u00e8tre. Elles s&#8217;\u00e9panouissent au cours de la soir\u00e9e et demeurent ouverts jusqu&#8217;\u00e0 midi le lendemain. Faites tremper les graines dans de l&#8217;eau \u00e0 temp\u00e9rature ambiante 12 \u00e0 24 heures avant le semis pour favoriser la germination. Un [&hellip;]<\/p>\n","protected":false},"featured_media":8354,"comment_status":"closed","ping_status":"open","template":"","meta":{"_acf_changed":false,"_seopress_robots_primary_cat":"","_seopress_titles_title":"","_seopress_titles_desc":"","_seopress_robots_index":"","_seopress_analysis_target_kw":""},"product_brand":[],"product_cat":[31,38],"product_tag":[],"class_list":{"0":"post-8353","1":"product","2":"type-product","3":"status-publish","4":"has-post-thumbnail","6":"product_cat-amenagement-jardin","7":"product_cat-semence-florale","9":"first","10":"instock","11":"taxable","12":"shipping-taxable","13":"purchasable","14":"product-type-simple"},"acf":[],"_links":{"self":[{"href":"https:\/\/www.paysagesrossignol.com\/en\/wp-json\/wp\/v2\/product\/8353","targetHints":{"allow":["GET"]}}],"collection":[{"href":"https:\/\/www.paysagesrossignol.com\/en\/wp-json\/wp\/v2\/product"}],"about":[{"href":"https:\/\/www.paysagesrossignol.com\/en\/wp-json\/wp\/v2\/types\/product"}],"replies":[{"embeddable":true,"href":"https:\/\/www.paysagesrossignol.com\/en\/wp-json\/wp\/v2\/comments?post=8353"}],"wp:featuredmedia":[{"embeddable":true,"href":"https:\/\/www.paysagesrossignol.com\/en\/wp-json\/wp\/v2\/media\/8354"}],"wp:attachment":[{"href":"https:\/\/www.paysagesrossignol.com\/en\/wp-json\/wp\/v2\/media?parent=8353"}],"wp:term":[{"taxonomy":"product_brand","embeddable":true,"href":"https:\/\/www.paysagesrossignol.com\/en\/wp-json\/wp\/v2\/product_brand?post=8353"},{"taxonomy":"product_cat","embeddable":true,"href":"https:\/\/www.paysagesrossignol.com\/en\/wp-json\/wp\/v2\/product_cat?post=8353"},{"taxonomy":"product_tag","embeddable":true,"href":"https:\/\/www.paysagesrossignol.com\/en\/wp-json\/wp\/v2\/product_tag?post=8353"}],"curies":[{"name":"wp","href":"https:\/\/api.w.org\/{rel}","templated":true}]}}