{"id":8359,"date":"2026-03-10T04:00:54","date_gmt":"2026-03-10T08:00:54","guid":{"rendered":"https:\/\/www.paysagesrossignol.com\/product\/reine-marguerite-powder-puff\/"},"modified":"2026-05-04T10:56:19","modified_gmt":"2026-05-04T14:56:19","slug":"reine-marguerite-powder-puff","status":"publish","type":"product","link":"https:\/\/www.paysagesrossignol.com\/en\/product\/reine-marguerite-powder-puff\/","title":{"rendered":"Reine Marguerite Powder Puff"},"content":{"rendered":"<h1>Voir disponibilit\u00e9 en magasin<\/h1>\n<p>Les fleurs \u00e9normes semblables au chrysanth\u00e8me double mesurent de 8 \u00e0 10 cm (3-4&#8243;) de diam\u00e8tre et sont port\u00e9es sur des tiges \u00e9rig\u00e9es et solide de bonne hauteur. Leur forme et port sont tr\u00e8s int\u00e9ressants pour la fleur coup\u00e9e. R\u00e9sistantes au fl\u00e9trissement. En supprimant les fleurs fan\u00e9es, vous prolongerez la saison de floraison. Annuelle. Callistephus Chinensis.<\/p>\n<p>60-90 jours \u00e0 la floraison<\/p>\n<p>McKenzie<\/p>\n","protected":false},"excerpt":{"rendered":"<p>Voir disponibilit\u00e9 en magasin Les fleurs \u00e9normes semblables au chrysanth\u00e8me double mesurent de 8 \u00e0 10 cm (3-4&#8243;) de diam\u00e8tre et sont port\u00e9es sur des tiges \u00e9rig\u00e9es et solide de bonne hauteur. Leur forme et port sont tr\u00e8s int\u00e9ressants pour la fleur coup\u00e9e. R\u00e9sistantes au fl\u00e9trissement. En supprimant les fleurs fan\u00e9es, vous prolongerez la saison [&hellip;]<\/p>\n","protected":false},"featured_media":8360,"comment_status":"closed","ping_status":"open","template":"","meta":{"_acf_changed":false,"_seopress_robots_primary_cat":"","_seopress_titles_title":"","_seopress_titles_desc":"","_seopress_robots_index":"","_seopress_analysis_target_kw":""},"product_brand":[],"product_cat":[31,38],"product_tag":[],"class_list":{"0":"post-8359","1":"product","2":"type-product","3":"status-publish","4":"has-post-thumbnail","6":"product_cat-amenagement-jardin","7":"product_cat-semence-florale","9":"first","10":"instock","11":"taxable","12":"shipping-taxable","13":"purchasable","14":"product-type-simple"},"acf":[],"_links":{"self":[{"href":"https:\/\/www.paysagesrossignol.com\/en\/wp-json\/wp\/v2\/product\/8359","targetHints":{"allow":["GET"]}}],"collection":[{"href":"https:\/\/www.paysagesrossignol.com\/en\/wp-json\/wp\/v2\/product"}],"about":[{"href":"https:\/\/www.paysagesrossignol.com\/en\/wp-json\/wp\/v2\/types\/product"}],"replies":[{"embeddable":true,"href":"https:\/\/www.paysagesrossignol.com\/en\/wp-json\/wp\/v2\/comments?post=8359"}],"wp:featuredmedia":[{"embeddable":true,"href":"https:\/\/www.paysagesrossignol.com\/en\/wp-json\/wp\/v2\/media\/8360"}],"wp:attachment":[{"href":"https:\/\/www.paysagesrossignol.com\/en\/wp-json\/wp\/v2\/media?parent=8359"}],"wp:term":[{"taxonomy":"product_brand","embeddable":true,"href":"https:\/\/www.paysagesrossignol.com\/en\/wp-json\/wp\/v2\/product_brand?post=8359"},{"taxonomy":"product_cat","embeddable":true,"href":"https:\/\/www.paysagesrossignol.com\/en\/wp-json\/wp\/v2\/product_cat?post=8359"},{"taxonomy":"product_tag","embeddable":true,"href":"https:\/\/www.paysagesrossignol.com\/en\/wp-json\/wp\/v2\/product_tag?post=8359"}],"curies":[{"name":"wp","href":"https:\/\/api.w.org\/{rel}","templated":true}]}}