{"id":8366,"date":"2026-03-10T04:00:54","date_gmt":"2026-03-10T08:00:54","guid":{"rendered":"https:\/\/www.paysagesrossignol.com\/product\/endive-full-heart-batavian\/"},"modified":"2026-05-04T10:56:22","modified_gmt":"2026-05-04T14:56:22","slug":"endive-full-heart-batavian","status":"publish","type":"product","link":"https:\/\/www.paysagesrossignol.com\/en\/product\/endive-full-heart-batavian\/","title":{"rendered":"Endive Full Heart Batavian"},"content":{"rendered":"<h1>Voir disponibilit\u00e9 en magasin<\/h1>\n<p>La chicor\u00e9e scarole produit des feuilles vertes fonc\u00e9es, larges, rudes et l\u00e9g\u00e8rement froiss\u00e9es, mais non pas fris\u00e9es. Populaire peut s&#8217;ajouter aux salades de toutes sortes ou \u00eatre servi cuit. R\u00e9coltez comme une pomme de laitue, c&#8217;est-\u00e0-dire, en coupant le plant au complet juste en dessous des feuilles inf\u00e9rieures. R\u00e9siste aux gels l\u00e9gers, mais non pas aux gel\u00e9es s\u00e9v\u00e8res.<\/p>\n<p>80-85 jours \u00e0 la r\u00e9colte<\/p>\n<p>McKenzie<\/p>\n","protected":false},"excerpt":{"rendered":"<p>Voir disponibilit\u00e9 en magasin La chicor\u00e9e scarole produit des feuilles vertes fonc\u00e9es, larges, rudes et l\u00e9g\u00e8rement froiss\u00e9es, mais non pas fris\u00e9es. Populaire peut s&#8217;ajouter aux salades de toutes sortes ou \u00eatre servi cuit. R\u00e9coltez comme une pomme de laitue, c&#8217;est-\u00e0-dire, en coupant le plant au complet juste en dessous des feuilles inf\u00e9rieures. R\u00e9siste aux gels [&hellip;]<\/p>\n","protected":false},"featured_media":8367,"comment_status":"closed","ping_status":"open","template":"","meta":{"_acf_changed":false,"_seopress_robots_primary_cat":"","_seopress_titles_title":"","_seopress_titles_desc":"","_seopress_robots_index":"","_seopress_analysis_target_kw":""},"product_brand":[],"product_cat":[31,39],"product_tag":[],"class_list":{"0":"post-8366","1":"product","2":"type-product","3":"status-publish","4":"has-post-thumbnail","6":"product_cat-amenagement-jardin","7":"product_cat-semence-potagere","9":"first","10":"instock","11":"taxable","12":"shipping-taxable","13":"purchasable","14":"product-type-simple"},"acf":[],"_links":{"self":[{"href":"https:\/\/www.paysagesrossignol.com\/en\/wp-json\/wp\/v2\/product\/8366","targetHints":{"allow":["GET"]}}],"collection":[{"href":"https:\/\/www.paysagesrossignol.com\/en\/wp-json\/wp\/v2\/product"}],"about":[{"href":"https:\/\/www.paysagesrossignol.com\/en\/wp-json\/wp\/v2\/types\/product"}],"replies":[{"embeddable":true,"href":"https:\/\/www.paysagesrossignol.com\/en\/wp-json\/wp\/v2\/comments?post=8366"}],"wp:featuredmedia":[{"embeddable":true,"href":"https:\/\/www.paysagesrossignol.com\/en\/wp-json\/wp\/v2\/media\/8367"}],"wp:attachment":[{"href":"https:\/\/www.paysagesrossignol.com\/en\/wp-json\/wp\/v2\/media?parent=8366"}],"wp:term":[{"taxonomy":"product_brand","embeddable":true,"href":"https:\/\/www.paysagesrossignol.com\/en\/wp-json\/wp\/v2\/product_brand?post=8366"},{"taxonomy":"product_cat","embeddable":true,"href":"https:\/\/www.paysagesrossignol.com\/en\/wp-json\/wp\/v2\/product_cat?post=8366"},{"taxonomy":"product_tag","embeddable":true,"href":"https:\/\/www.paysagesrossignol.com\/en\/wp-json\/wp\/v2\/product_tag?post=8366"}],"curies":[{"name":"wp","href":"https:\/\/api.w.org\/{rel}","templated":true}]}}