{"id":8398,"date":"2026-03-10T04:00:09","date_gmt":"2026-03-10T08:00:09","guid":{"rendered":"https:\/\/www.paysagesrossignol.com\/product\/gloire-du-matin-flying-saucers\/"},"modified":"2026-05-04T10:56:38","modified_gmt":"2026-05-04T14:56:38","slug":"gloire-du-matin-flying-saucers","status":"publish","type":"product","link":"https:\/\/www.paysagesrossignol.com\/en\/product\/gloire-du-matin-flying-saucers\/","title":{"rendered":"Gloire du Matin Flying Saucers"},"content":{"rendered":"<h1>Voir disponibilit\u00e9 en magasin<\/h1>\n<p>Fleurs uniques stri\u00e9es de blanc, tr\u00e8s voyantes, d&#8217;environ 8 cm (3&#8243;) de diam\u00e8tre. Floraison prolifique! Id\u00e9al pour les treillis. Faites tremper les graines dans de l&#8217;eau \u00e0 temp\u00e9rature ambiante 12 \u00e0 24 heures avant le semis pour favoriser la germination. Un sol fertilis\u00e9 ou riche donnera un feuillage luxuriant, mais emp\u00eachera la floraison. <strong>Avis: Les graines sont toxique si ing\u00e9r\u00e9.<\/strong> Annuelle. Ipomoea Tricolor<\/p>\n<p>50-80 jours \u00e0 la floraison<\/p>\n<p>McKenzie<\/p>\n<p>&nbsp;<\/p>\n","protected":false},"excerpt":{"rendered":"<p>Voir disponibilit\u00e9 en magasin Fleurs uniques stri\u00e9es de blanc, tr\u00e8s voyantes, d&#8217;environ 8 cm (3&#8243;) de diam\u00e8tre. Floraison prolifique! Id\u00e9al pour les treillis. Faites tremper les graines dans de l&#8217;eau \u00e0 temp\u00e9rature ambiante 12 \u00e0 24 heures avant le semis pour favoriser la germination. Un sol fertilis\u00e9 ou riche donnera un feuillage luxuriant, mais emp\u00eachera [&hellip;]<\/p>\n","protected":false},"featured_media":8399,"comment_status":"closed","ping_status":"open","template":"","meta":{"_acf_changed":false,"_seopress_robots_primary_cat":"","_seopress_titles_title":"","_seopress_titles_desc":"","_seopress_robots_index":"","_seopress_analysis_target_kw":""},"product_brand":[],"product_cat":[31,38],"product_tag":[],"class_list":{"0":"post-8398","1":"product","2":"type-product","3":"status-publish","4":"has-post-thumbnail","6":"product_cat-amenagement-jardin","7":"product_cat-semence-florale","9":"first","10":"instock","11":"taxable","12":"shipping-taxable","13":"purchasable","14":"product-type-simple"},"acf":[],"_links":{"self":[{"href":"https:\/\/www.paysagesrossignol.com\/en\/wp-json\/wp\/v2\/product\/8398","targetHints":{"allow":["GET"]}}],"collection":[{"href":"https:\/\/www.paysagesrossignol.com\/en\/wp-json\/wp\/v2\/product"}],"about":[{"href":"https:\/\/www.paysagesrossignol.com\/en\/wp-json\/wp\/v2\/types\/product"}],"replies":[{"embeddable":true,"href":"https:\/\/www.paysagesrossignol.com\/en\/wp-json\/wp\/v2\/comments?post=8398"}],"wp:featuredmedia":[{"embeddable":true,"href":"https:\/\/www.paysagesrossignol.com\/en\/wp-json\/wp\/v2\/media\/8399"}],"wp:attachment":[{"href":"https:\/\/www.paysagesrossignol.com\/en\/wp-json\/wp\/v2\/media?parent=8398"}],"wp:term":[{"taxonomy":"product_brand","embeddable":true,"href":"https:\/\/www.paysagesrossignol.com\/en\/wp-json\/wp\/v2\/product_brand?post=8398"},{"taxonomy":"product_cat","embeddable":true,"href":"https:\/\/www.paysagesrossignol.com\/en\/wp-json\/wp\/v2\/product_cat?post=8398"},{"taxonomy":"product_tag","embeddable":true,"href":"https:\/\/www.paysagesrossignol.com\/en\/wp-json\/wp\/v2\/product_tag?post=8398"}],"curies":[{"name":"wp","href":"https:\/\/api.w.org\/{rel}","templated":true}]}}