{"id":8404,"date":"2026-03-10T04:00:17","date_gmt":"2026-03-10T08:00:17","guid":{"rendered":"https:\/\/www.paysagesrossignol.com\/product\/zinnia-state-fair-jumbo\/"},"modified":"2026-05-04T10:56:40","modified_gmt":"2026-05-04T14:56:40","slug":"zinnia-state-fair-jumbo","status":"publish","type":"product","link":"https:\/\/www.paysagesrossignol.com\/en\/product\/zinnia-state-fair-jumbo\/","title":{"rendered":"Zinnia State Fair Valeur Accrue"},"content":{"rendered":"<h1>Voir disponibilit\u00e9 en magasin<\/h1>\n<p>Les plants robustes portent des fleurs simples et semi-doubles de 10-15 cm (4-6&#8243;) de diam\u00e8tre sur de longues tiges. La gamme de couleur est de premi\u00e8re qualit\u00e9: saumon, orange, rose, \u00e9carlate, jaune et blanc. Un effet sensationnel pour le bouquet et le milieu de la plate-bande. Bon choix comme fleur coup\u00e9e. Pr\u00e9f\u00e8re un sol enrichi de compost. Zinnia Elegans.<\/p>\n<p>35-60 jours \u00e0 la floraison<\/p>\n<p>McKenzie<\/p>\n<p>&nbsp;<\/p>\n","protected":false},"excerpt":{"rendered":"<p>Voir disponibilit\u00e9 en magasin Les plants robustes portent des fleurs simples et semi-doubles de 10-15 cm (4-6&#8243;) de diam\u00e8tre sur de longues tiges. La gamme de couleur est de premi\u00e8re qualit\u00e9: saumon, orange, rose, \u00e9carlate, jaune et blanc. Un effet sensationnel pour le bouquet et le milieu de la plate-bande. Bon choix comme fleur coup\u00e9e. [&hellip;]<\/p>\n","protected":false},"featured_media":8405,"comment_status":"closed","ping_status":"open","template":"","meta":{"_acf_changed":false,"_seopress_robots_primary_cat":"","_seopress_titles_title":"","_seopress_titles_desc":"","_seopress_robots_index":"","_seopress_analysis_target_kw":""},"product_brand":[],"product_cat":[31,38],"product_tag":[],"class_list":{"0":"post-8404","1":"product","2":"type-product","3":"status-publish","4":"has-post-thumbnail","6":"product_cat-amenagement-jardin","7":"product_cat-semence-florale","9":"first","10":"instock","11":"taxable","12":"shipping-taxable","13":"purchasable","14":"product-type-simple"},"acf":[],"_links":{"self":[{"href":"https:\/\/www.paysagesrossignol.com\/en\/wp-json\/wp\/v2\/product\/8404","targetHints":{"allow":["GET"]}}],"collection":[{"href":"https:\/\/www.paysagesrossignol.com\/en\/wp-json\/wp\/v2\/product"}],"about":[{"href":"https:\/\/www.paysagesrossignol.com\/en\/wp-json\/wp\/v2\/types\/product"}],"replies":[{"embeddable":true,"href":"https:\/\/www.paysagesrossignol.com\/en\/wp-json\/wp\/v2\/comments?post=8404"}],"wp:featuredmedia":[{"embeddable":true,"href":"https:\/\/www.paysagesrossignol.com\/en\/wp-json\/wp\/v2\/media\/8405"}],"wp:attachment":[{"href":"https:\/\/www.paysagesrossignol.com\/en\/wp-json\/wp\/v2\/media?parent=8404"}],"wp:term":[{"taxonomy":"product_brand","embeddable":true,"href":"https:\/\/www.paysagesrossignol.com\/en\/wp-json\/wp\/v2\/product_brand?post=8404"},{"taxonomy":"product_cat","embeddable":true,"href":"https:\/\/www.paysagesrossignol.com\/en\/wp-json\/wp\/v2\/product_cat?post=8404"},{"taxonomy":"product_tag","embeddable":true,"href":"https:\/\/www.paysagesrossignol.com\/en\/wp-json\/wp\/v2\/product_tag?post=8404"}],"curies":[{"name":"wp","href":"https:\/\/api.w.org\/{rel}","templated":true}]}}