{"id":8408,"date":"2026-03-10T04:00:17","date_gmt":"2026-03-10T08:00:17","guid":{"rendered":"https:\/\/www.paysagesrossignol.com\/product\/radis-gourmet-en-melange\/"},"modified":"2026-05-04T10:56:42","modified_gmt":"2026-05-04T14:56:42","slug":"radis-gourmet-en-melange","status":"publish","type":"product","link":"https:\/\/www.paysagesrossignol.com\/en\/product\/radis-gourmet-en-melange\/","title":{"rendered":"Radis Gourmet en m\u00e9lange"},"content":{"rendered":"<h1>Voir disponibilit\u00e9 en magasin<\/h1>\n<p>Un d\u00e9licieux m\u00e9lange de 10 vari\u00e9t\u00e9s de diff\u00e9rentes couleurs, formes et p\u00e9riodes de r\u00e9colte. Contient: &#8220;Black Spanish Round&#8221;, &#8220;Cherry Belle&#8221;, &#8220;China Rose&#8221;, &#8220;Early Scarlet&#8221;, &#8220;French Breakfast&#8221;, &#8220;Long Scarlet&#8221;, &#8220;Minowase&#8221;, &#8220;Sparkler&#8221;, &#8220;White Hailstone&#8221; et &#8220;White Icicle&#8221;. L\u00e9gume de saison froide. Faites plusieurs semis \u00e0 10 jours d&#8217;intervalle, arr\u00eatant lorsque la temp\u00e9rature se r\u00e9chauffe. Pour une r\u00e9colte automnale, semez-en de nouveau lorsque la temp\u00e9rature rafra\u00eechit.<\/p>\n<p>21-55 jours \u00e0 la r\u00e9colte<\/p>\n<p>McKenzie<\/p>\n<p>&nbsp;<\/p>\n","protected":false},"excerpt":{"rendered":"<p>Voir disponibilit\u00e9 en magasin Un d\u00e9licieux m\u00e9lange de 10 vari\u00e9t\u00e9s de diff\u00e9rentes couleurs, formes et p\u00e9riodes de r\u00e9colte. Contient: &#8220;Black Spanish Round&#8221;, &#8220;Cherry Belle&#8221;, &#8220;China Rose&#8221;, &#8220;Early Scarlet&#8221;, &#8220;French Breakfast&#8221;, &#8220;Long Scarlet&#8221;, &#8220;Minowase&#8221;, &#8220;Sparkler&#8221;, &#8220;White Hailstone&#8221; et &#8220;White Icicle&#8221;. L\u00e9gume de saison froide. Faites plusieurs semis \u00e0 10 jours d&#8217;intervalle, arr\u00eatant lorsque la temp\u00e9rature se [&hellip;]<\/p>\n","protected":false},"featured_media":8409,"comment_status":"closed","ping_status":"open","template":"","meta":{"_acf_changed":false,"_seopress_robots_primary_cat":"","_seopress_titles_title":"","_seopress_titles_desc":"","_seopress_robots_index":"","_seopress_analysis_target_kw":""},"product_brand":[],"product_cat":[31,39],"product_tag":[],"class_list":{"0":"post-8408","1":"product","2":"type-product","3":"status-publish","4":"has-post-thumbnail","6":"product_cat-amenagement-jardin","7":"product_cat-semence-potagere","9":"first","10":"instock","11":"taxable","12":"shipping-taxable","13":"purchasable","14":"product-type-simple"},"acf":[],"_links":{"self":[{"href":"https:\/\/www.paysagesrossignol.com\/en\/wp-json\/wp\/v2\/product\/8408","targetHints":{"allow":["GET"]}}],"collection":[{"href":"https:\/\/www.paysagesrossignol.com\/en\/wp-json\/wp\/v2\/product"}],"about":[{"href":"https:\/\/www.paysagesrossignol.com\/en\/wp-json\/wp\/v2\/types\/product"}],"replies":[{"embeddable":true,"href":"https:\/\/www.paysagesrossignol.com\/en\/wp-json\/wp\/v2\/comments?post=8408"}],"wp:featuredmedia":[{"embeddable":true,"href":"https:\/\/www.paysagesrossignol.com\/en\/wp-json\/wp\/v2\/media\/8409"}],"wp:attachment":[{"href":"https:\/\/www.paysagesrossignol.com\/en\/wp-json\/wp\/v2\/media?parent=8408"}],"wp:term":[{"taxonomy":"product_brand","embeddable":true,"href":"https:\/\/www.paysagesrossignol.com\/en\/wp-json\/wp\/v2\/product_brand?post=8408"},{"taxonomy":"product_cat","embeddable":true,"href":"https:\/\/www.paysagesrossignol.com\/en\/wp-json\/wp\/v2\/product_cat?post=8408"},{"taxonomy":"product_tag","embeddable":true,"href":"https:\/\/www.paysagesrossignol.com\/en\/wp-json\/wp\/v2\/product_tag?post=8408"}],"curies":[{"name":"wp","href":"https:\/\/api.w.org\/{rel}","templated":true}]}}