{"id":8425,"date":"2026-03-10T04:00:24","date_gmt":"2026-03-10T08:00:24","guid":{"rendered":"https:\/\/www.paysagesrossignol.com\/product\/brocoli-hybride-imperial\/"},"modified":"2026-05-04T10:56:50","modified_gmt":"2026-05-04T14:56:50","slug":"brocoli-hybride-imperial","status":"publish","type":"product","link":"https:\/\/www.paysagesrossignol.com\/en\/product\/brocoli-hybride-imperial\/","title":{"rendered":"Brocoli Hybride Imperial"},"content":{"rendered":"<h1>Voir disponibilit\u00e9 en magasin<\/h1>\n<p>Ce brocoli thermor\u00e9sistant de qualit\u00e9 sup\u00e9rieure produit des t\u00eates serr\u00e9es arrondies de 15 \u00e0 20 cm (6-8&#8243;) couvertes de jolis petites grains vert fonc\u00e9. Les t\u00eates offrent une excellente dur\u00e9e de conservation apr\u00e8s la r\u00e9colte. Ce brocoli polyvalent est id\u00e9al pour la consommation fra\u00eeche et la cong\u00e9lation. *apr\u00e8s la transplantation au jardin.<\/p>\n<p>*62 jours \u00e0 la r\u00e9colte<\/p>\n<p>McKenzie<\/p>\n<p>&nbsp;<\/p>\n","protected":false},"excerpt":{"rendered":"<p>Voir disponibilit\u00e9 en magasin Ce brocoli thermor\u00e9sistant de qualit\u00e9 sup\u00e9rieure produit des t\u00eates serr\u00e9es arrondies de 15 \u00e0 20 cm (6-8&#8243;) couvertes de jolis petites grains vert fonc\u00e9. Les t\u00eates offrent une excellente dur\u00e9e de conservation apr\u00e8s la r\u00e9colte. Ce brocoli polyvalent est id\u00e9al pour la consommation fra\u00eeche et la cong\u00e9lation. *apr\u00e8s la transplantation au [&hellip;]<\/p>\n","protected":false},"featured_media":8426,"comment_status":"closed","ping_status":"open","template":"","meta":{"_acf_changed":false,"_seopress_robots_primary_cat":"","_seopress_titles_title":"","_seopress_titles_desc":"","_seopress_robots_index":"","_seopress_analysis_target_kw":""},"product_brand":[],"product_cat":[31,39],"product_tag":[],"class_list":{"0":"post-8425","1":"product","2":"type-product","3":"status-publish","4":"has-post-thumbnail","6":"product_cat-amenagement-jardin","7":"product_cat-semence-potagere","9":"first","10":"instock","11":"taxable","12":"shipping-taxable","13":"purchasable","14":"product-type-simple"},"acf":[],"_links":{"self":[{"href":"https:\/\/www.paysagesrossignol.com\/en\/wp-json\/wp\/v2\/product\/8425","targetHints":{"allow":["GET"]}}],"collection":[{"href":"https:\/\/www.paysagesrossignol.com\/en\/wp-json\/wp\/v2\/product"}],"about":[{"href":"https:\/\/www.paysagesrossignol.com\/en\/wp-json\/wp\/v2\/types\/product"}],"replies":[{"embeddable":true,"href":"https:\/\/www.paysagesrossignol.com\/en\/wp-json\/wp\/v2\/comments?post=8425"}],"wp:featuredmedia":[{"embeddable":true,"href":"https:\/\/www.paysagesrossignol.com\/en\/wp-json\/wp\/v2\/media\/8426"}],"wp:attachment":[{"href":"https:\/\/www.paysagesrossignol.com\/en\/wp-json\/wp\/v2\/media?parent=8425"}],"wp:term":[{"taxonomy":"product_brand","embeddable":true,"href":"https:\/\/www.paysagesrossignol.com\/en\/wp-json\/wp\/v2\/product_brand?post=8425"},{"taxonomy":"product_cat","embeddable":true,"href":"https:\/\/www.paysagesrossignol.com\/en\/wp-json\/wp\/v2\/product_cat?post=8425"},{"taxonomy":"product_tag","embeddable":true,"href":"https:\/\/www.paysagesrossignol.com\/en\/wp-json\/wp\/v2\/product_tag?post=8425"}],"curies":[{"name":"wp","href":"https:\/\/api.w.org\/{rel}","templated":true}]}}