{"id":8428,"date":"2026-03-10T04:00:24","date_gmt":"2026-03-10T08:00:24","guid":{"rendered":"https:\/\/www.paysagesrossignol.com\/product\/aubergine-black-beauty\/"},"modified":"2026-05-04T10:56:51","modified_gmt":"2026-05-04T14:56:51","slug":"aubergine-black-beauty","status":"publish","type":"product","link":"https:\/\/www.paysagesrossignol.com\/en\/product\/aubergine-black-beauty\/","title":{"rendered":"Aubergine Black Beauty"},"content":{"rendered":"<h1>Voir disponibilit\u00e9 en magasin<\/h1>\n<p>Produit de beaux fruits brillants de couleur pourpre fonc\u00e9 0,5-1,4 kg (1-3 lbs). Plante compacte 50 \u00e0 75 cm (20 \u00e0 30&#8243;) de haut qui produit jusqu&#8217;\u00e0 12 fruits par pied. Sa peau mince et sa texture cr\u00e9meuse et l\u00e9g\u00e8rement odorante sont un favori de la cuisine m\u00e9diterran\u00e9enne. *apr\u00e8s la transplantation au jardin<\/p>\n<p>*80 jours \u00e0 la r\u00e9colte<\/p>\n<p>McKenzie<\/p>\n","protected":false},"excerpt":{"rendered":"<p>Voir disponibilit\u00e9 en magasin Produit de beaux fruits brillants de couleur pourpre fonc\u00e9 0,5-1,4 kg (1-3 lbs). Plante compacte 50 \u00e0 75 cm (20 \u00e0 30&#8243;) de haut qui produit jusqu&#8217;\u00e0 12 fruits par pied. Sa peau mince et sa texture cr\u00e9meuse et l\u00e9g\u00e8rement odorante sont un favori de la cuisine m\u00e9diterran\u00e9enne. *apr\u00e8s la transplantation [&hellip;]<\/p>\n","protected":false},"featured_media":8429,"comment_status":"closed","ping_status":"open","template":"","meta":{"_acf_changed":false,"_seopress_robots_primary_cat":"","_seopress_titles_title":"","_seopress_titles_desc":"","_seopress_robots_index":"","_seopress_analysis_target_kw":""},"product_brand":[],"product_cat":[31,39],"product_tag":[],"class_list":{"0":"post-8428","1":"product","2":"type-product","3":"status-publish","4":"has-post-thumbnail","6":"product_cat-amenagement-jardin","7":"product_cat-semence-potagere","9":"first","10":"instock","11":"taxable","12":"shipping-taxable","13":"purchasable","14":"product-type-simple"},"acf":[],"_links":{"self":[{"href":"https:\/\/www.paysagesrossignol.com\/en\/wp-json\/wp\/v2\/product\/8428","targetHints":{"allow":["GET"]}}],"collection":[{"href":"https:\/\/www.paysagesrossignol.com\/en\/wp-json\/wp\/v2\/product"}],"about":[{"href":"https:\/\/www.paysagesrossignol.com\/en\/wp-json\/wp\/v2\/types\/product"}],"replies":[{"embeddable":true,"href":"https:\/\/www.paysagesrossignol.com\/en\/wp-json\/wp\/v2\/comments?post=8428"}],"wp:featuredmedia":[{"embeddable":true,"href":"https:\/\/www.paysagesrossignol.com\/en\/wp-json\/wp\/v2\/media\/8429"}],"wp:attachment":[{"href":"https:\/\/www.paysagesrossignol.com\/en\/wp-json\/wp\/v2\/media?parent=8428"}],"wp:term":[{"taxonomy":"product_brand","embeddable":true,"href":"https:\/\/www.paysagesrossignol.com\/en\/wp-json\/wp\/v2\/product_brand?post=8428"},{"taxonomy":"product_cat","embeddable":true,"href":"https:\/\/www.paysagesrossignol.com\/en\/wp-json\/wp\/v2\/product_cat?post=8428"},{"taxonomy":"product_tag","embeddable":true,"href":"https:\/\/www.paysagesrossignol.com\/en\/wp-json\/wp\/v2\/product_tag?post=8428"}],"curies":[{"name":"wp","href":"https:\/\/api.w.org\/{rel}","templated":true}]}}