{"id":8448,"date":"2026-03-10T04:00:32","date_gmt":"2026-03-10T08:00:32","guid":{"rendered":"https:\/\/www.paysagesrossignol.com\/product\/melon-deau-sugar-baby\/"},"modified":"2026-05-04T10:57:04","modified_gmt":"2026-05-04T14:57:04","slug":"melon-deau-sugar-baby","status":"publish","type":"product","link":"https:\/\/www.paysagesrossignol.com\/en\/product\/melon-deau-sugar-baby\/","title":{"rendered":"Melon d&#8217;eau Sugar Baby"},"content":{"rendered":"<h1>Voir disponibilit\u00e9 en magasin<\/h1>\n<p>Sa chair croustillante et rouge est tr\u00e8s sucr\u00e9e. Le fruit presque rond mesure 18-20 cm (7-8&#8243;) de diam\u00e8tre et p\u00e8se 3,5-4,5 kg (8-10 lbs), la taille id\u00e9ale pour une famille. Pr\u00e9f\u00e8re un sol fertile et bien drain\u00e9. Les tiges coureuses plus petites de cette vari\u00e9t\u00e9 conviennent parfaitement aux emplacements plus restreints.<\/p>\n<p>75-80 jours \u00e0 la r\u00e9colte<\/p>\n<p>McKenzie<\/p>\n<p>&nbsp;<\/p>\n","protected":false},"excerpt":{"rendered":"<p>Voir disponibilit\u00e9 en magasin Sa chair croustillante et rouge est tr\u00e8s sucr\u00e9e. Le fruit presque rond mesure 18-20 cm (7-8&#8243;) de diam\u00e8tre et p\u00e8se 3,5-4,5 kg (8-10 lbs), la taille id\u00e9ale pour une famille. Pr\u00e9f\u00e8re un sol fertile et bien drain\u00e9. Les tiges coureuses plus petites de cette vari\u00e9t\u00e9 conviennent parfaitement aux emplacements plus restreints. [&hellip;]<\/p>\n","protected":false},"featured_media":8449,"comment_status":"closed","ping_status":"open","template":"","meta":{"_acf_changed":false,"_seopress_robots_primary_cat":"","_seopress_titles_title":"","_seopress_titles_desc":"","_seopress_robots_index":"","_seopress_analysis_target_kw":""},"product_brand":[],"product_cat":[31,39],"product_tag":[],"class_list":{"0":"post-8448","1":"product","2":"type-product","3":"status-publish","4":"has-post-thumbnail","6":"product_cat-amenagement-jardin","7":"product_cat-semence-potagere","9":"first","10":"instock","11":"taxable","12":"shipping-taxable","13":"purchasable","14":"product-type-simple"},"acf":[],"_links":{"self":[{"href":"https:\/\/www.paysagesrossignol.com\/en\/wp-json\/wp\/v2\/product\/8448","targetHints":{"allow":["GET"]}}],"collection":[{"href":"https:\/\/www.paysagesrossignol.com\/en\/wp-json\/wp\/v2\/product"}],"about":[{"href":"https:\/\/www.paysagesrossignol.com\/en\/wp-json\/wp\/v2\/types\/product"}],"replies":[{"embeddable":true,"href":"https:\/\/www.paysagesrossignol.com\/en\/wp-json\/wp\/v2\/comments?post=8448"}],"wp:featuredmedia":[{"embeddable":true,"href":"https:\/\/www.paysagesrossignol.com\/en\/wp-json\/wp\/v2\/media\/8449"}],"wp:attachment":[{"href":"https:\/\/www.paysagesrossignol.com\/en\/wp-json\/wp\/v2\/media?parent=8448"}],"wp:term":[{"taxonomy":"product_brand","embeddable":true,"href":"https:\/\/www.paysagesrossignol.com\/en\/wp-json\/wp\/v2\/product_brand?post=8448"},{"taxonomy":"product_cat","embeddable":true,"href":"https:\/\/www.paysagesrossignol.com\/en\/wp-json\/wp\/v2\/product_cat?post=8448"},{"taxonomy":"product_tag","embeddable":true,"href":"https:\/\/www.paysagesrossignol.com\/en\/wp-json\/wp\/v2\/product_tag?post=8448"}],"curies":[{"name":"wp","href":"https:\/\/api.w.org\/{rel}","templated":true}]}}