{"id":8466,"date":"2026-03-10T04:00:39","date_gmt":"2026-03-10T08:00:39","guid":{"rendered":"https:\/\/www.paysagesrossignol.com\/product\/pois-de-senteur-ocean-foam\/"},"modified":"2026-05-04T10:57:17","modified_gmt":"2026-05-04T14:57:17","slug":"pois-de-senteur-ocean-foam","status":"publish","type":"product","link":"https:\/\/www.paysagesrossignol.com\/en\/product\/pois-de-senteur-ocean-foam\/","title":{"rendered":"Pois de senteur Ocean Foam"},"content":{"rendered":"<h1>Voir disponibilit\u00e9 en magasin<\/h1>\n<p>Cette belle vague de couleurs de l&#8217;oc\u00e9an ajoute une atmosph\u00e8re paisible \u00e0 votre jardin. Elle est de la s\u00e9rie patrimoine Old Spice au parfum exquis, vous en serez ravi. Parfait pour palisser sur un treillis ou pour cacher une cl\u00f4ture. Faites tremper les graines dans de l&#8217;eau \u00e0 temp\u00e9rature ambiante 12 \u00e0 24 heures avant le semis pour favoriser la germination. Annuelle. Lathyrus odoratus<\/p>\n<p>60-90 jours \u00e0 la floraison<\/p>\n<p>McKenzie<\/p>\n<p>&nbsp;<\/p>\n","protected":false},"excerpt":{"rendered":"<p>Voir disponibilit\u00e9 en magasin Cette belle vague de couleurs de l&#8217;oc\u00e9an ajoute une atmosph\u00e8re paisible \u00e0 votre jardin. Elle est de la s\u00e9rie patrimoine Old Spice au parfum exquis, vous en serez ravi. Parfait pour palisser sur un treillis ou pour cacher une cl\u00f4ture. Faites tremper les graines dans de l&#8217;eau \u00e0 temp\u00e9rature ambiante 12 [&hellip;]<\/p>\n","protected":false},"featured_media":8467,"comment_status":"closed","ping_status":"open","template":"","meta":{"_acf_changed":false,"_seopress_robots_primary_cat":"","_seopress_titles_title":"","_seopress_titles_desc":"","_seopress_robots_index":"","_seopress_analysis_target_kw":""},"product_brand":[],"product_cat":[31,38],"product_tag":[],"class_list":{"0":"post-8466","1":"product","2":"type-product","3":"status-publish","4":"has-post-thumbnail","6":"product_cat-amenagement-jardin","7":"product_cat-semence-florale","9":"first","10":"instock","11":"taxable","12":"shipping-taxable","13":"purchasable","14":"product-type-simple"},"acf":[],"_links":{"self":[{"href":"https:\/\/www.paysagesrossignol.com\/en\/wp-json\/wp\/v2\/product\/8466","targetHints":{"allow":["GET"]}}],"collection":[{"href":"https:\/\/www.paysagesrossignol.com\/en\/wp-json\/wp\/v2\/product"}],"about":[{"href":"https:\/\/www.paysagesrossignol.com\/en\/wp-json\/wp\/v2\/types\/product"}],"replies":[{"embeddable":true,"href":"https:\/\/www.paysagesrossignol.com\/en\/wp-json\/wp\/v2\/comments?post=8466"}],"wp:featuredmedia":[{"embeddable":true,"href":"https:\/\/www.paysagesrossignol.com\/en\/wp-json\/wp\/v2\/media\/8467"}],"wp:attachment":[{"href":"https:\/\/www.paysagesrossignol.com\/en\/wp-json\/wp\/v2\/media?parent=8466"}],"wp:term":[{"taxonomy":"product_brand","embeddable":true,"href":"https:\/\/www.paysagesrossignol.com\/en\/wp-json\/wp\/v2\/product_brand?post=8466"},{"taxonomy":"product_cat","embeddable":true,"href":"https:\/\/www.paysagesrossignol.com\/en\/wp-json\/wp\/v2\/product_cat?post=8466"},{"taxonomy":"product_tag","embeddable":true,"href":"https:\/\/www.paysagesrossignol.com\/en\/wp-json\/wp\/v2\/product_tag?post=8466"}],"curies":[{"name":"wp","href":"https:\/\/api.w.org\/{rel}","templated":true}]}}