{"id":8514,"date":"2026-03-10T04:00:07","date_gmt":"2026-03-10T08:00:07","guid":{"rendered":"https:\/\/www.paysagesrossignol.com\/product\/concombre-des-champs-tourne-sol-bio\/"},"modified":"2026-05-04T10:57:43","modified_gmt":"2026-05-04T14:57:43","slug":"concombre-des-champs-tourne-sol-bio","status":"publish","type":"product","link":"https:\/\/www.paysagesrossignol.com\/en\/product\/concombre-des-champs-tourne-sol-bio\/","title":{"rendered":"Concombre des Champs Tourne-Sol &#8211; Bio"},"content":{"rendered":"<h1>Voir disponibilit\u00e9 en magasin<\/h1>\n<p>Concombres verts de 6-8&#8243;. Nous avons d\u00e9velopp\u00e9 cette vari\u00e9t\u00e9 \u00e0 haut rendement \u00e0 partir des concombres cultiv\u00e9s sur notre ferme.<\/p>\n<p>35 semences<\/p>\n<p>Tournesol<\/p>\n","protected":false},"excerpt":{"rendered":"<p>Voir disponibilit\u00e9 en magasin Concombres verts de 6-8&#8243;. Nous avons d\u00e9velopp\u00e9 cette vari\u00e9t\u00e9 \u00e0 haut rendement \u00e0 partir des concombres cultiv\u00e9s sur notre ferme. 35 semences Tournesol<\/p>\n","protected":false},"featured_media":8515,"comment_status":"closed","ping_status":"open","template":"","meta":{"_acf_changed":false,"_seopress_robots_primary_cat":"","_seopress_titles_title":"","_seopress_titles_desc":"","_seopress_robots_index":"","_seopress_analysis_target_kw":""},"product_brand":[],"product_cat":[31,37],"product_tag":[],"class_list":{"0":"post-8514","1":"product","2":"type-product","3":"status-publish","4":"has-post-thumbnail","6":"product_cat-amenagement-jardin","7":"product_cat-semence-biologique","9":"first","10":"instock","11":"taxable","12":"shipping-taxable","13":"purchasable","14":"product-type-simple"},"acf":[],"_links":{"self":[{"href":"https:\/\/www.paysagesrossignol.com\/en\/wp-json\/wp\/v2\/product\/8514","targetHints":{"allow":["GET"]}}],"collection":[{"href":"https:\/\/www.paysagesrossignol.com\/en\/wp-json\/wp\/v2\/product"}],"about":[{"href":"https:\/\/www.paysagesrossignol.com\/en\/wp-json\/wp\/v2\/types\/product"}],"replies":[{"embeddable":true,"href":"https:\/\/www.paysagesrossignol.com\/en\/wp-json\/wp\/v2\/comments?post=8514"}],"wp:featuredmedia":[{"embeddable":true,"href":"https:\/\/www.paysagesrossignol.com\/en\/wp-json\/wp\/v2\/media\/8515"}],"wp:attachment":[{"href":"https:\/\/www.paysagesrossignol.com\/en\/wp-json\/wp\/v2\/media?parent=8514"}],"wp:term":[{"taxonomy":"product_brand","embeddable":true,"href":"https:\/\/www.paysagesrossignol.com\/en\/wp-json\/wp\/v2\/product_brand?post=8514"},{"taxonomy":"product_cat","embeddable":true,"href":"https:\/\/www.paysagesrossignol.com\/en\/wp-json\/wp\/v2\/product_cat?post=8514"},{"taxonomy":"product_tag","embeddable":true,"href":"https:\/\/www.paysagesrossignol.com\/en\/wp-json\/wp\/v2\/product_tag?post=8514"}],"curies":[{"name":"wp","href":"https:\/\/api.w.org\/{rel}","templated":true}]}}