{"id":8533,"date":"2026-03-10T04:00:14","date_gmt":"2026-03-10T08:00:14","guid":{"rendered":"https:\/\/www.paysagesrossignol.com\/product\/mesclun-verdurettes-dhiver-bio\/"},"modified":"2026-05-04T10:57:57","modified_gmt":"2026-05-04T14:57:57","slug":"mesclun-verdurettes-dhiver-bio","status":"publish","type":"product","link":"https:\/\/www.paysagesrossignol.com\/en\/product\/mesclun-verdurettes-dhiver-bio\/","title":{"rendered":"Mesclun Verdurettes d&#8217;hiver &#8211; Bio"},"content":{"rendered":"<h1>Voir disponibilit\u00e9 en magasin<\/h1>\n<p>Crucif\u00e8res s\u00e9lectionn\u00e9s pour croissance rapide \u00e0 l&#8217;automne. Semez au champs et en couche froide au d\u00e9but septembre.<\/p>\n<p>1000 semences<\/p>\n<p>Tourne-Sol<\/p>\n<p>&nbsp;<\/p>\n","protected":false},"excerpt":{"rendered":"<p>Voir disponibilit\u00e9 en magasin Crucif\u00e8res s\u00e9lectionn\u00e9s pour croissance rapide \u00e0 l&#8217;automne. Semez au champs et en couche froide au d\u00e9but septembre. 1000 semences Tourne-Sol &nbsp;<\/p>\n","protected":false},"featured_media":8534,"comment_status":"closed","ping_status":"open","template":"","meta":{"_acf_changed":false,"_seopress_robots_primary_cat":"","_seopress_titles_title":"","_seopress_titles_desc":"","_seopress_robots_index":"","_seopress_analysis_target_kw":""},"product_brand":[],"product_cat":[31,37],"product_tag":[],"class_list":{"0":"post-8533","1":"product","2":"type-product","3":"status-publish","4":"has-post-thumbnail","6":"product_cat-amenagement-jardin","7":"product_cat-semence-biologique","9":"first","10":"instock","11":"taxable","12":"shipping-taxable","13":"purchasable","14":"product-type-simple"},"acf":[],"_links":{"self":[{"href":"https:\/\/www.paysagesrossignol.com\/en\/wp-json\/wp\/v2\/product\/8533","targetHints":{"allow":["GET"]}}],"collection":[{"href":"https:\/\/www.paysagesrossignol.com\/en\/wp-json\/wp\/v2\/product"}],"about":[{"href":"https:\/\/www.paysagesrossignol.com\/en\/wp-json\/wp\/v2\/types\/product"}],"replies":[{"embeddable":true,"href":"https:\/\/www.paysagesrossignol.com\/en\/wp-json\/wp\/v2\/comments?post=8533"}],"wp:featuredmedia":[{"embeddable":true,"href":"https:\/\/www.paysagesrossignol.com\/en\/wp-json\/wp\/v2\/media\/8534"}],"wp:attachment":[{"href":"https:\/\/www.paysagesrossignol.com\/en\/wp-json\/wp\/v2\/media?parent=8533"}],"wp:term":[{"taxonomy":"product_brand","embeddable":true,"href":"https:\/\/www.paysagesrossignol.com\/en\/wp-json\/wp\/v2\/product_brand?post=8533"},{"taxonomy":"product_cat","embeddable":true,"href":"https:\/\/www.paysagesrossignol.com\/en\/wp-json\/wp\/v2\/product_cat?post=8533"},{"taxonomy":"product_tag","embeddable":true,"href":"https:\/\/www.paysagesrossignol.com\/en\/wp-json\/wp\/v2\/product_tag?post=8533"}],"curies":[{"name":"wp","href":"https:\/\/api.w.org\/{rel}","templated":true}]}}