{"id":8612,"date":"2026-03-30T04:00:28","date_gmt":"2026-03-30T08:00:28","guid":{"rendered":"https:\/\/www.paysagesrossignol.com\/product\/terreau-pour-contenant\/"},"modified":"2026-05-04T11:05:12","modified_gmt":"2026-05-04T15:05:12","slug":"terreau-pour-contenant","status":"publish","type":"product","link":"https:\/\/www.paysagesrossignol.com\/en\/product\/terreau-pour-contenant\/","title":{"rendered":"Terreau pour Contenant"},"content":{"rendered":"<h1>Voir disponibilit\u00e9 en magasin<\/h1>\n<p>Formulation : 0,07-0,06-0,04. Terreau id\u00e9al pour les fleurs, les l\u00e9gumes et les fines herbes en contenant.<\/p>\n<p>Enrichi de compost.<\/p>\n<p>R\u00e9duis la fr\u00e9quence des arrosages.<\/p>\n<p>Approuv\u00e9 pour la culture biologique.<\/p>\n<p>Pr\u00eat \u00e0 l&#8217;emploi.<\/p>\n","protected":false},"excerpt":{"rendered":"<p>Voir disponibilit\u00e9 en magasin Formulation : 0,07-0,06-0,04. Terreau id\u00e9al pour les fleurs, les l\u00e9gumes et les fines herbes en contenant. Enrichi de compost. R\u00e9duis la fr\u00e9quence des arrosages. Approuv\u00e9 pour la culture biologique. Pr\u00eat \u00e0 l&#8217;emploi.<\/p>\n","protected":false},"featured_media":8613,"comment_status":"closed","ping_status":"open","template":"","meta":{"_acf_changed":false,"_seopress_robots_primary_cat":"","_seopress_titles_title":"","_seopress_titles_desc":"","_seopress_robots_index":"","_seopress_analysis_target_kw":""},"product_brand":[],"product_cat":[31,32],"product_tag":[],"class_list":{"0":"post-8612","1":"product","2":"type-product","3":"status-publish","4":"has-post-thumbnail","6":"product_cat-amenagement-jardin","7":"product_cat-paillis-et-terreau-en-sac","8":"pa_format-25l","9":"pa_format-3-pour","11":"first","12":"instock","13":"taxable","14":"shipping-taxable","15":"purchasable","16":"product-type-variable"},"acf":[],"_links":{"self":[{"href":"https:\/\/www.paysagesrossignol.com\/en\/wp-json\/wp\/v2\/product\/8612","targetHints":{"allow":["GET"]}}],"collection":[{"href":"https:\/\/www.paysagesrossignol.com\/en\/wp-json\/wp\/v2\/product"}],"about":[{"href":"https:\/\/www.paysagesrossignol.com\/en\/wp-json\/wp\/v2\/types\/product"}],"replies":[{"embeddable":true,"href":"https:\/\/www.paysagesrossignol.com\/en\/wp-json\/wp\/v2\/comments?post=8612"}],"wp:featuredmedia":[{"embeddable":true,"href":"https:\/\/www.paysagesrossignol.com\/en\/wp-json\/wp\/v2\/media\/8613"}],"wp:attachment":[{"href":"https:\/\/www.paysagesrossignol.com\/en\/wp-json\/wp\/v2\/media?parent=8612"}],"wp:term":[{"taxonomy":"product_brand","embeddable":true,"href":"https:\/\/www.paysagesrossignol.com\/en\/wp-json\/wp\/v2\/product_brand?post=8612"},{"taxonomy":"product_cat","embeddable":true,"href":"https:\/\/www.paysagesrossignol.com\/en\/wp-json\/wp\/v2\/product_cat?post=8612"},{"taxonomy":"product_tag","embeddable":true,"href":"https:\/\/www.paysagesrossignol.com\/en\/wp-json\/wp\/v2\/product_tag?post=8612"}],"curies":[{"name":"wp","href":"https:\/\/api.w.org\/{rel}","templated":true}]}}