{"id":8644,"date":"2026-03-30T04:00:35","date_gmt":"2026-03-30T08:00:35","guid":{"rendered":"https:\/\/www.paysagesrossignol.com\/product\/terre-a-jardin\/"},"modified":"2026-05-04T11:05:41","modified_gmt":"2026-05-04T15:05:41","slug":"terre-a-jardin","status":"publish","type":"product","link":"https:\/\/www.paysagesrossignol.com\/en\/product\/terre-a-jardin\/","title":{"rendered":"Terre \u00e0 Jardin"},"content":{"rendered":"<h1>Voir disponibilit\u00e9 en magasin<\/h1>\n<p>Formulation: 0,2-0,02-0,02. Id\u00e9al pour commencer une nouvelle plate-bande et un nouveau potager.<\/p>\n<p>Ajouter du compost pour un r\u00e9sultat optimal.<\/p>\n<p>Sans mauvaises herbes.<\/p>\n<p>Produit de base.<\/p>\n","protected":false},"excerpt":{"rendered":"<p>Voir disponibilit\u00e9 en magasin Formulation: 0,2-0,02-0,02. Id\u00e9al pour commencer une nouvelle plate-bande et un nouveau potager. Ajouter du compost pour un r\u00e9sultat optimal. Sans mauvaises herbes. Produit de base.<\/p>\n","protected":false},"featured_media":8645,"comment_status":"closed","ping_status":"open","template":"","meta":{"_acf_changed":false,"_seopress_robots_primary_cat":"","_seopress_titles_title":"","_seopress_titles_desc":"","_seopress_robots_index":"","_seopress_analysis_target_kw":""},"product_brand":[],"product_cat":[31,32],"product_tag":[],"class_list":{"0":"post-8644","1":"product","2":"type-product","3":"status-publish","4":"has-post-thumbnail","6":"product_cat-amenagement-jardin","7":"product_cat-paillis-et-terreau-en-sac","8":"pa_format-25l","9":"pa_format-3-pour","11":"first","12":"instock","13":"taxable","14":"shipping-taxable","15":"purchasable","16":"product-type-variable"},"acf":[],"_links":{"self":[{"href":"https:\/\/www.paysagesrossignol.com\/en\/wp-json\/wp\/v2\/product\/8644","targetHints":{"allow":["GET"]}}],"collection":[{"href":"https:\/\/www.paysagesrossignol.com\/en\/wp-json\/wp\/v2\/product"}],"about":[{"href":"https:\/\/www.paysagesrossignol.com\/en\/wp-json\/wp\/v2\/types\/product"}],"replies":[{"embeddable":true,"href":"https:\/\/www.paysagesrossignol.com\/en\/wp-json\/wp\/v2\/comments?post=8644"}],"wp:featuredmedia":[{"embeddable":true,"href":"https:\/\/www.paysagesrossignol.com\/en\/wp-json\/wp\/v2\/media\/8645"}],"wp:attachment":[{"href":"https:\/\/www.paysagesrossignol.com\/en\/wp-json\/wp\/v2\/media?parent=8644"}],"wp:term":[{"taxonomy":"product_brand","embeddable":true,"href":"https:\/\/www.paysagesrossignol.com\/en\/wp-json\/wp\/v2\/product_brand?post=8644"},{"taxonomy":"product_cat","embeddable":true,"href":"https:\/\/www.paysagesrossignol.com\/en\/wp-json\/wp\/v2\/product_cat?post=8644"},{"taxonomy":"product_tag","embeddable":true,"href":"https:\/\/www.paysagesrossignol.com\/en\/wp-json\/wp\/v2\/product_tag?post=8644"}],"curies":[{"name":"wp","href":"https:\/\/api.w.org\/{rel}","templated":true}]}}