{"id":8865,"date":"2026-03-11T00:00:00","date_gmt":"2026-03-11T04:00:00","guid":{"rendered":"https:\/\/www.paysagesrossignol.com\/produit\/pommetier-decoratif-profusion\/"},"modified":"2026-03-27T14:47:26","modified_gmt":"2026-03-27T18:47:26","slug":"pommetier-decoratif-profusion","status":"publish","type":"product","link":"https:\/\/www.paysagesrossignol.com\/en\/produit\/pommetier-decoratif-profusion\/","title":{"rendered":"Pommetier d\u00e9coratif Profusion"},"content":{"rendered":"<h1>Voir disponibilit\u00e9 en magasin<\/h1>\n<h3>Nom Latin : Malus Profusion<\/h3>\n<p data-start=\"142\" data-end=\"454\">Pommetier ornemental extr\u00eamement populaire pour sa <strong data-start=\"193\" data-end=\"238\">floraison rose vif abondante au printemps<\/strong>, suivie de <strong data-start=\"250\" data-end=\"290\">fruits rouges d\u00e9coratifs persistants<\/strong>. Son <strong data-start=\"296\" data-end=\"324\">port arrondi et r\u00e9gulier<\/strong> et sa <strong data-start=\"331\" data-end=\"368\">tol\u00e9rance aux conditions urbaines<\/strong> en font un excellent choix pour les <strong data-start=\"405\" data-end=\"453\">jardins, rues, parcs et plantations d\u2019accent<\/strong>.<\/p>\n<h3 data-section-id=\"fo4qqk\" data-start=\"461\" data-end=\"484\">Caract\u00e9ristiques<\/h3>\n<ul data-start=\"486\" data-end=\"736\">\n<li data-section-id=\"xq448n\" data-start=\"486\" data-end=\"511\"><strong data-start=\"488\" data-end=\"501\">Hauteur :<\/strong> 4 \u00e0 6 m<\/li>\n<li data-section-id=\"18ecguf\" data-start=\"512\" data-end=\"537\"><strong data-start=\"514\" data-end=\"527\">Largeur :<\/strong> 4 \u00e0 6 m<\/li>\n<li data-section-id=\"1fqa3rr\" data-start=\"538\" data-end=\"566\"><strong data-start=\"540\" data-end=\"556\">Croissance :<\/strong> Moyenne<\/li>\n<li data-section-id=\"1rtnc6\" data-start=\"568\" data-end=\"595\"><strong data-start=\"570\" data-end=\"586\">Exposition :<\/strong> Soleil<\/li>\n<li data-section-id=\"1xp4fxo\" data-start=\"596\" data-end=\"642\"><strong data-start=\"598\" data-end=\"607\">Sol :<\/strong> Bien drain\u00e9, tol\u00e8re sols urbains<\/li>\n<li data-section-id=\"13iiokc\" data-start=\"643\" data-end=\"661\"><strong data-start=\"645\" data-end=\"655\">Zone :<\/strong> 4\u20137<\/li>\n<li data-section-id=\"irk0qz\" data-start=\"663\" data-end=\"693\"><strong data-start=\"665\" data-end=\"680\">Feuillage :<\/strong> Vert moyen<\/li>\n<li data-section-id=\"1jfjilk\" data-start=\"694\" data-end=\"736\"><strong data-start=\"696\" data-end=\"719\">Couleur automnale :<\/strong> Jaune \u00e0 orang\u00e9<\/li>\n<\/ul>\n","protected":false},"excerpt":{"rendered":"<p>Voir disponibilit\u00e9 en magasin Nom Latin : Malus Profusion Pommetier ornemental extr\u00eamement populaire pour sa floraison rose vif abondante au printemps, suivie de fruits rouges d\u00e9coratifs persistants. Son port arrondi et r\u00e9gulier et sa tol\u00e9rance aux conditions urbaines en font un excellent choix pour les jardins, rues, parcs et plantations d\u2019accent. Caract\u00e9ristiques Hauteur : 4 [&hellip;]<\/p>\n","protected":false},"featured_media":29537,"template":"","meta":[],"product_cat":[86],"product_tag":[],"acf":[],"_links":{"self":[{"href":"https:\/\/www.paysagesrossignol.com\/en\/wp-json\/wp\/v2\/product\/8865"}],"collection":[{"href":"https:\/\/www.paysagesrossignol.com\/en\/wp-json\/wp\/v2\/product"}],"about":[{"href":"https:\/\/www.paysagesrossignol.com\/en\/wp-json\/wp\/v2\/types\/product"}],"wp:featuredmedia":[{"embeddable":true,"href":"https:\/\/www.paysagesrossignol.com\/en\/wp-json\/wp\/v2\/media\/29537"}],"wp:attachment":[{"href":"https:\/\/www.paysagesrossignol.com\/en\/wp-json\/wp\/v2\/media?parent=8865"}],"wp:term":[{"taxonomy":"product_cat","embeddable":true,"href":"https:\/\/www.paysagesrossignol.com\/en\/wp-json\/wp\/v2\/product_cat?post=8865"},{"taxonomy":"product_tag","embeddable":true,"href":"https:\/\/www.paysagesrossignol.com\/en\/wp-json\/wp\/v2\/product_tag?post=8865"}],"curies":[{"name":"wp","href":"https:\/\/api.w.org\/{rel}","templated":true}]}}