{"id":8868,"date":"2026-03-11T00:00:03","date_gmt":"2026-03-11T04:00:03","guid":{"rendered":"https:\/\/www.paysagesrossignol.com\/produit\/pommetier-sargentii-tina\/"},"modified":"2026-03-27T15:01:11","modified_gmt":"2026-03-27T19:01:11","slug":"pommetier-sargentii-tina","status":"publish","type":"product","link":"https:\/\/www.paysagesrossignol.com\/en\/produit\/pommetier-sargentii-tina\/","title":{"rendered":"Pommetier d\u00e9coratif Sargentii"},"content":{"rendered":"<h1>Voir disponibilit\u00e9 en magasin<\/h1>\n<h3>Nom Latin : Malus Sargentii<\/h3>\n<p>Petit pommetier ornemental nain, \u2018Sargentii\u2019 est appr\u00e9ci\u00e9 pour sa <strong data-start=\"214\" data-end=\"262\">floraison blanche ou rose clair au printemps<\/strong>, son <strong data-start=\"268\" data-end=\"291\">port dense et \u00e9tal\u00e9<\/strong>, et ses <strong data-start=\"300\" data-end=\"340\">fruits rouges persistants en automne<\/strong>. Id\u00e9al pour les <strong data-start=\"357\" data-end=\"405\">petits jardins, massifs ou haies d\u00e9coratives<\/strong>, il tol\u00e8re bien les <strong data-start=\"426\" data-end=\"464\">conditions urbaines et sols vari\u00e9s<\/strong>.<\/p>\n<h3 data-section-id=\"fo4qqk\" data-start=\"472\" data-end=\"495\">Caract\u00e9ristiques<\/h3>\n<ul data-start=\"497\" data-end=\"767\">\n<li data-section-id=\"1dv4w3a\" data-start=\"497\" data-end=\"526\"><strong data-start=\"499\" data-end=\"512\">Hauteur :<\/strong> 1,5 \u00e0 2,5 m<\/li>\n<li data-section-id=\"1d650sk\" data-start=\"527\" data-end=\"552\"><strong data-start=\"529\" data-end=\"542\">Largeur :<\/strong> 2 \u00e0 3 m<\/li>\n<li data-section-id=\"1jb47hd\" data-start=\"553\" data-end=\"589\"><strong data-start=\"555\" data-end=\"571\">Croissance :<\/strong> Lente \u00e0 moyenne<\/li>\n<li data-section-id=\"1rtnc6\" data-start=\"591\" data-end=\"618\"><strong data-start=\"593\" data-end=\"609\">Exposition :<\/strong> Soleil<\/li>\n<li data-section-id=\"1y1jzaz\" data-start=\"619\" data-end=\"673\"><strong data-start=\"621\" data-end=\"630\">Sol :<\/strong> Bien drain\u00e9, tol\u00e8re sols urbains et secs<\/li>\n<li data-section-id=\"13nbwbf\" data-start=\"674\" data-end=\"692\"><strong data-start=\"676\" data-end=\"686\">Zone :<\/strong> 3\u20137<\/li>\n<li data-section-id=\"irk0qz\" data-start=\"694\" data-end=\"724\"><strong data-start=\"696\" data-end=\"711\">Feuillage :<\/strong> Vert moyen<\/li>\n<li data-section-id=\"1jfjilk\" data-start=\"725\" data-end=\"767\"><strong data-start=\"727\" data-end=\"750\">Couleur automnale :<\/strong> Jaune \u00e0 orang\u00e9<\/li>\n<\/ul>\n","protected":false},"excerpt":{"rendered":"<p>Voir disponibilit\u00e9 en magasin Nom Latin : Malus Sargentii Petit pommetier ornemental nain, \u2018Sargentii\u2019 est appr\u00e9ci\u00e9 pour sa floraison blanche ou rose clair au printemps, son port dense et \u00e9tal\u00e9, et ses fruits rouges persistants en automne. Id\u00e9al pour les petits jardins, massifs ou haies d\u00e9coratives, il tol\u00e8re bien les conditions urbaines et sols vari\u00e9s. [&hellip;]<\/p>\n","protected":false},"featured_media":29539,"template":"","meta":[],"product_cat":[86],"product_tag":[],"acf":[],"_links":{"self":[{"href":"https:\/\/www.paysagesrossignol.com\/en\/wp-json\/wp\/v2\/product\/8868"}],"collection":[{"href":"https:\/\/www.paysagesrossignol.com\/en\/wp-json\/wp\/v2\/product"}],"about":[{"href":"https:\/\/www.paysagesrossignol.com\/en\/wp-json\/wp\/v2\/types\/product"}],"wp:featuredmedia":[{"embeddable":true,"href":"https:\/\/www.paysagesrossignol.com\/en\/wp-json\/wp\/v2\/media\/29539"}],"wp:attachment":[{"href":"https:\/\/www.paysagesrossignol.com\/en\/wp-json\/wp\/v2\/media?parent=8868"}],"wp:term":[{"taxonomy":"product_cat","embeddable":true,"href":"https:\/\/www.paysagesrossignol.com\/en\/wp-json\/wp\/v2\/product_cat?post=8868"},{"taxonomy":"product_tag","embeddable":true,"href":"https:\/\/www.paysagesrossignol.com\/en\/wp-json\/wp\/v2\/product_tag?post=8868"}],"curies":[{"name":"wp","href":"https:\/\/api.w.org\/{rel}","templated":true}]}}