{"id":9464,"date":"2023-04-20T17:50:44","date_gmt":"2023-04-20T21:50:44","guid":{"rendered":"https:\/\/www.paysagesrossignol.com\/product\/paillis-de-cedre-colore\/"},"modified":"2026-05-04T11:05:37","modified_gmt":"2026-05-04T15:05:37","slug":"paillis-de-cedre-colore","status":"publish","type":"product","link":"https:\/\/www.paysagesrossignol.com\/en\/product\/paillis-de-cedre-colore\/","title":{"rendered":"Paillis de c\u00e8dre color\u00e9"},"content":{"rendered":"<p>Paillis de c\u00e8dre color\u00e9 : Rouge, brun ou noir.<\/p>\n<p>Prix \u00e0 la verge.<\/p>\n<p>1 verge = 27 pi3<\/p>\n","protected":false},"excerpt":{"rendered":"<p>Paillis de c\u00e8dre color\u00e9 : Rouge, brun ou noir. Prix \u00e0 la verge. 1 verge = 27 pi3<\/p>\n","protected":false},"featured_media":9465,"comment_status":"closed","ping_status":"open","template":"","meta":{"_acf_changed":false,"_seopress_robots_primary_cat":"","_seopress_titles_title":"","_seopress_titles_desc":"","_seopress_robots_index":"","_seopress_analysis_target_kw":""},"product_brand":[],"product_cat":[31,36],"product_tag":[],"class_list":{"0":"post-9464","1":"product","2":"type-product","3":"status-publish","4":"has-post-thumbnail","6":"product_cat-amenagement-jardin","7":"product_cat-produit-en-vrac","9":"first","10":"instock","11":"taxable","12":"shipping-taxable","13":"purchasable","14":"product-type-simple"},"acf":[],"_links":{"self":[{"href":"https:\/\/www.paysagesrossignol.com\/en\/wp-json\/wp\/v2\/product\/9464","targetHints":{"allow":["GET"]}}],"collection":[{"href":"https:\/\/www.paysagesrossignol.com\/en\/wp-json\/wp\/v2\/product"}],"about":[{"href":"https:\/\/www.paysagesrossignol.com\/en\/wp-json\/wp\/v2\/types\/product"}],"replies":[{"embeddable":true,"href":"https:\/\/www.paysagesrossignol.com\/en\/wp-json\/wp\/v2\/comments?post=9464"}],"wp:featuredmedia":[{"embeddable":true,"href":"https:\/\/www.paysagesrossignol.com\/en\/wp-json\/wp\/v2\/media\/9465"}],"wp:attachment":[{"href":"https:\/\/www.paysagesrossignol.com\/en\/wp-json\/wp\/v2\/media?parent=9464"}],"wp:term":[{"taxonomy":"product_brand","embeddable":true,"href":"https:\/\/www.paysagesrossignol.com\/en\/wp-json\/wp\/v2\/product_brand?post=9464"},{"taxonomy":"product_cat","embeddable":true,"href":"https:\/\/www.paysagesrossignol.com\/en\/wp-json\/wp\/v2\/product_cat?post=9464"},{"taxonomy":"product_tag","embeddable":true,"href":"https:\/\/www.paysagesrossignol.com\/en\/wp-json\/wp\/v2\/product_tag?post=9464"}],"curies":[{"name":"wp","href":"https:\/\/api.w.org\/{rel}","templated":true}]}}