{"id":9483,"date":"2026-03-30T04:00:48","date_gmt":"2026-03-30T08:00:48","guid":{"rendered":"https:\/\/www.paysagesrossignol.com\/product\/compost-biofor-avec-tourbe-et-ecorce\/"},"modified":"2026-05-04T11:05:50","modified_gmt":"2026-05-04T15:05:50","slug":"compost-biofor-avec-tourbe-et-ecorce","status":"publish","type":"product","link":"https:\/\/www.paysagesrossignol.com\/en\/product\/compost-biofor-avec-tourbe-et-ecorce\/","title":{"rendered":"Compost Biofor 25L"},"content":{"rendered":"<h1>Voir disponibilit\u00e9 en magasin<\/h1>\n<p>Approuv\u00e9 pour la culture biologique, le compost BIOFOR\u00ae avec tourbe et \u00e9corces est sp\u00e9cialement con\u00e7u pour la plantation et l&#8217;entretien du potager et des plates-bandes.<\/p>\n<p>Ce compost forestier am\u00e9liore la structure des sols glaiseux tout en apportant les \u00e9l\u00e9ments nutritifs essentiels \u00e0 une croissance saine et vigoureuse.<\/p>\n","protected":false},"excerpt":{"rendered":"<p>Voir disponibilit\u00e9 en magasin Approuv\u00e9 pour la culture biologique, le compost BIOFOR\u00ae avec tourbe et \u00e9corces est sp\u00e9cialement con\u00e7u pour la plantation et l&#8217;entretien du potager et des plates-bandes. Ce compost forestier am\u00e9liore la structure des sols glaiseux tout en apportant les \u00e9l\u00e9ments nutritifs essentiels \u00e0 une croissance saine et vigoureuse.<\/p>\n","protected":false},"featured_media":9484,"comment_status":"closed","ping_status":"open","template":"","meta":{"_acf_changed":false,"_seopress_robots_primary_cat":"","_seopress_titles_title":"","_seopress_titles_desc":"","_seopress_robots_index":"","_seopress_analysis_target_kw":""},"product_brand":[],"product_cat":[41,40],"product_tag":[],"class_list":{"0":"post-9483","1":"product","2":"type-product","3":"status-publish","4":"has-post-thumbnail","6":"product_cat-compost","7":"product_cat-soin-jardin","9":"first","10":"instock","11":"taxable","12":"shipping-taxable","13":"purchasable","14":"product-type-simple"},"acf":[],"_links":{"self":[{"href":"https:\/\/www.paysagesrossignol.com\/en\/wp-json\/wp\/v2\/product\/9483","targetHints":{"allow":["GET"]}}],"collection":[{"href":"https:\/\/www.paysagesrossignol.com\/en\/wp-json\/wp\/v2\/product"}],"about":[{"href":"https:\/\/www.paysagesrossignol.com\/en\/wp-json\/wp\/v2\/types\/product"}],"replies":[{"embeddable":true,"href":"https:\/\/www.paysagesrossignol.com\/en\/wp-json\/wp\/v2\/comments?post=9483"}],"wp:featuredmedia":[{"embeddable":true,"href":"https:\/\/www.paysagesrossignol.com\/en\/wp-json\/wp\/v2\/media\/9484"}],"wp:attachment":[{"href":"https:\/\/www.paysagesrossignol.com\/en\/wp-json\/wp\/v2\/media?parent=9483"}],"wp:term":[{"taxonomy":"product_brand","embeddable":true,"href":"https:\/\/www.paysagesrossignol.com\/en\/wp-json\/wp\/v2\/product_brand?post=9483"},{"taxonomy":"product_cat","embeddable":true,"href":"https:\/\/www.paysagesrossignol.com\/en\/wp-json\/wp\/v2\/product_cat?post=9483"},{"taxonomy":"product_tag","embeddable":true,"href":"https:\/\/www.paysagesrossignol.com\/en\/wp-json\/wp\/v2\/product_tag?post=9483"}],"curies":[{"name":"wp","href":"https:\/\/api.w.org\/{rel}","templated":true}]}}