{"id":9505,"date":"2026-03-10T04:00:14","date_gmt":"2026-03-10T08:00:14","guid":{"rendered":"https:\/\/www.paysagesrossignol.com\/product\/mais-sucre-tuxana\/"},"modified":"2026-05-04T11:06:08","modified_gmt":"2026-05-04T15:06:08","slug":"mais-sucre-tuxana","status":"publish","type":"product","link":"https:\/\/www.paysagesrossignol.com\/en\/product\/mais-sucre-tuxana\/","title":{"rendered":"Ma\u00efs Sucr\u00e9 Tuxana &#8211; Bio"},"content":{"rendered":"<h1>Voir disponibilit\u00e9 en magasin<\/h1>\n<p>Grains blancs, surcr\u00e9s et juteux sur des \u00e9pis de 8&#8243; de long. Favori de la ferme.\u00a0 R\u00e9coltez rapidement &#8211; ne se garde pas longtemps au champ.<\/p>\n<p>60 semences<\/p>\n<p>Tournesol<\/p>\n<p>&nbsp;<\/p>\n","protected":false},"excerpt":{"rendered":"<p>Voir disponibilit\u00e9 en magasin Grains blancs, surcr\u00e9s et juteux sur des \u00e9pis de 8&#8243; de long. Favori de la ferme.\u00a0 R\u00e9coltez rapidement &#8211; ne se garde pas longtemps au champ. 60 semences Tournesol &nbsp;<\/p>\n","protected":false},"featured_media":9506,"comment_status":"closed","ping_status":"open","template":"","meta":{"_acf_changed":false,"_seopress_robots_primary_cat":"","_seopress_titles_title":"","_seopress_titles_desc":"","_seopress_robots_index":"","_seopress_analysis_target_kw":""},"product_brand":[],"product_cat":[31,37],"product_tag":[],"class_list":{"0":"post-9505","1":"product","2":"type-product","3":"status-publish","4":"has-post-thumbnail","6":"product_cat-amenagement-jardin","7":"product_cat-semence-biologique","9":"first","10":"instock","11":"taxable","12":"shipping-taxable","13":"purchasable","14":"product-type-simple"},"acf":[],"_links":{"self":[{"href":"https:\/\/www.paysagesrossignol.com\/en\/wp-json\/wp\/v2\/product\/9505","targetHints":{"allow":["GET"]}}],"collection":[{"href":"https:\/\/www.paysagesrossignol.com\/en\/wp-json\/wp\/v2\/product"}],"about":[{"href":"https:\/\/www.paysagesrossignol.com\/en\/wp-json\/wp\/v2\/types\/product"}],"replies":[{"embeddable":true,"href":"https:\/\/www.paysagesrossignol.com\/en\/wp-json\/wp\/v2\/comments?post=9505"}],"wp:featuredmedia":[{"embeddable":true,"href":"https:\/\/www.paysagesrossignol.com\/en\/wp-json\/wp\/v2\/media\/9506"}],"wp:attachment":[{"href":"https:\/\/www.paysagesrossignol.com\/en\/wp-json\/wp\/v2\/media?parent=9505"}],"wp:term":[{"taxonomy":"product_brand","embeddable":true,"href":"https:\/\/www.paysagesrossignol.com\/en\/wp-json\/wp\/v2\/product_brand?post=9505"},{"taxonomy":"product_cat","embeddable":true,"href":"https:\/\/www.paysagesrossignol.com\/en\/wp-json\/wp\/v2\/product_cat?post=9505"},{"taxonomy":"product_tag","embeddable":true,"href":"https:\/\/www.paysagesrossignol.com\/en\/wp-json\/wp\/v2\/product_tag?post=9505"}],"curies":[{"name":"wp","href":"https:\/\/api.w.org\/{rel}","templated":true}]}}