{"id":9521,"date":"2026-03-10T04:00:49","date_gmt":"2026-03-10T08:00:49","guid":{"rendered":"https:\/\/www.paysagesrossignol.com\/product\/tomate-orange-striped-german-bio\/"},"modified":"2026-05-04T11:06:19","modified_gmt":"2026-05-04T15:06:19","slug":"tomate-orange-striped-german-bio","status":"publish","type":"product","link":"https:\/\/www.paysagesrossignol.com\/en\/product\/tomate-orange-striped-german-bio\/","title":{"rendered":"Tomate Orange Striped German &#8211; Bio"},"content":{"rendered":"<h1>Voir disponibilit\u00e9 en magasin<\/h1>\n<p>Tr\u00e8s grosse tomate jaune orange aux accents rouge\u00e2tres. La chair marbr\u00e9e poss\u00e8de un go\u00fbt fruit\u00e9 et d\u00e9licieux.<\/p>\n<p>50 semences<\/p>\n<p>Tourne-Sol<\/p>\n","protected":false},"excerpt":{"rendered":"<p>Voir disponibilit\u00e9 en magasin Tr\u00e8s grosse tomate jaune orange aux accents rouge\u00e2tres. La chair marbr\u00e9e poss\u00e8de un go\u00fbt fruit\u00e9 et d\u00e9licieux. 50 semences Tourne-Sol<\/p>\n","protected":false},"featured_media":9522,"comment_status":"closed","ping_status":"open","template":"","meta":{"_acf_changed":false,"_seopress_robots_primary_cat":"","_seopress_titles_title":"","_seopress_titles_desc":"","_seopress_robots_index":"","_seopress_analysis_target_kw":""},"product_brand":[],"product_cat":[31,37],"product_tag":[],"class_list":{"0":"post-9521","1":"product","2":"type-product","3":"status-publish","4":"has-post-thumbnail","6":"product_cat-amenagement-jardin","7":"product_cat-semence-biologique","9":"first","10":"instock","11":"taxable","12":"shipping-taxable","13":"purchasable","14":"product-type-simple"},"acf":[],"_links":{"self":[{"href":"https:\/\/www.paysagesrossignol.com\/en\/wp-json\/wp\/v2\/product\/9521","targetHints":{"allow":["GET"]}}],"collection":[{"href":"https:\/\/www.paysagesrossignol.com\/en\/wp-json\/wp\/v2\/product"}],"about":[{"href":"https:\/\/www.paysagesrossignol.com\/en\/wp-json\/wp\/v2\/types\/product"}],"replies":[{"embeddable":true,"href":"https:\/\/www.paysagesrossignol.com\/en\/wp-json\/wp\/v2\/comments?post=9521"}],"wp:featuredmedia":[{"embeddable":true,"href":"https:\/\/www.paysagesrossignol.com\/en\/wp-json\/wp\/v2\/media\/9522"}],"wp:attachment":[{"href":"https:\/\/www.paysagesrossignol.com\/en\/wp-json\/wp\/v2\/media?parent=9521"}],"wp:term":[{"taxonomy":"product_brand","embeddable":true,"href":"https:\/\/www.paysagesrossignol.com\/en\/wp-json\/wp\/v2\/product_brand?post=9521"},{"taxonomy":"product_cat","embeddable":true,"href":"https:\/\/www.paysagesrossignol.com\/en\/wp-json\/wp\/v2\/product_cat?post=9521"},{"taxonomy":"product_tag","embeddable":true,"href":"https:\/\/www.paysagesrossignol.com\/en\/wp-json\/wp\/v2\/product_tag?post=9521"}],"curies":[{"name":"wp","href":"https:\/\/api.w.org\/{rel}","templated":true}]}}