{"id":9579,"date":"2026-03-10T04:00:03","date_gmt":"2026-03-10T08:00:03","guid":{"rendered":"https:\/\/www.paysagesrossignol.com\/product\/melon-deau-petite-yellow\/"},"modified":"2026-05-04T11:07:43","modified_gmt":"2026-05-04T15:07:43","slug":"melon-deau-petite-yellow","status":"publish","type":"product","link":"https:\/\/www.paysagesrossignol.com\/en\/product\/melon-deau-petite-yellow\/","title":{"rendered":"Melon d&#8217;eau Petite Yellow"},"content":{"rendered":"<h1>Voir disponibilit\u00e9 en magasin<\/h1>\n<p>Fruit rond \u00e0 ovale \u00e0 chair sucr\u00e9e jaune vif. Un fruit moyen p\u00e8se 2-3 kg (5-7 lbs). Taille parfaite pour les petits jardins. Les tiges rampantes couvrent bien les melons et les prot\u00e8gent des coups de soleil.<\/p>\n<p>70-90 jours \u00e0 la r\u00e9colte<\/p>\n<p>McKenzie<\/p>\n","protected":false},"excerpt":{"rendered":"<p>Voir disponibilit\u00e9 en magasin Fruit rond \u00e0 ovale \u00e0 chair sucr\u00e9e jaune vif. Un fruit moyen p\u00e8se 2-3 kg (5-7 lbs). Taille parfaite pour les petits jardins. Les tiges rampantes couvrent bien les melons et les prot\u00e8gent des coups de soleil. 70-90 jours \u00e0 la r\u00e9colte McKenzie<\/p>\n","protected":false},"featured_media":9580,"comment_status":"closed","ping_status":"open","template":"","meta":{"_acf_changed":false,"_seopress_robots_primary_cat":"","_seopress_titles_title":"","_seopress_titles_desc":"","_seopress_robots_index":"","_seopress_analysis_target_kw":""},"product_brand":[],"product_cat":[31,39],"product_tag":[],"class_list":{"0":"post-9579","1":"product","2":"type-product","3":"status-publish","4":"has-post-thumbnail","6":"product_cat-amenagement-jardin","7":"product_cat-semence-potagere","9":"first","10":"instock","11":"taxable","12":"shipping-taxable","13":"purchasable","14":"product-type-simple"},"acf":[],"_links":{"self":[{"href":"https:\/\/www.paysagesrossignol.com\/en\/wp-json\/wp\/v2\/product\/9579","targetHints":{"allow":["GET"]}}],"collection":[{"href":"https:\/\/www.paysagesrossignol.com\/en\/wp-json\/wp\/v2\/product"}],"about":[{"href":"https:\/\/www.paysagesrossignol.com\/en\/wp-json\/wp\/v2\/types\/product"}],"replies":[{"embeddable":true,"href":"https:\/\/www.paysagesrossignol.com\/en\/wp-json\/wp\/v2\/comments?post=9579"}],"wp:featuredmedia":[{"embeddable":true,"href":"https:\/\/www.paysagesrossignol.com\/en\/wp-json\/wp\/v2\/media\/9580"}],"wp:attachment":[{"href":"https:\/\/www.paysagesrossignol.com\/en\/wp-json\/wp\/v2\/media?parent=9579"}],"wp:term":[{"taxonomy":"product_brand","embeddable":true,"href":"https:\/\/www.paysagesrossignol.com\/en\/wp-json\/wp\/v2\/product_brand?post=9579"},{"taxonomy":"product_cat","embeddable":true,"href":"https:\/\/www.paysagesrossignol.com\/en\/wp-json\/wp\/v2\/product_cat?post=9579"},{"taxonomy":"product_tag","embeddable":true,"href":"https:\/\/www.paysagesrossignol.com\/en\/wp-json\/wp\/v2\/product_tag?post=9579"}],"curies":[{"name":"wp","href":"https:\/\/api.w.org\/{rel}","templated":true}]}}