{"id":9587,"date":"2026-03-10T04:00:14","date_gmt":"2026-03-10T08:00:14","guid":{"rendered":"https:\/\/www.paysagesrossignol.com\/product\/courge-vegetable-spaghetti-2\/"},"modified":"2026-05-12T09:09:05","modified_gmt":"2026-05-12T13:09:05","slug":"courge-vegetable-spaghetti-2","status":"publish","type":"product","link":"https:\/\/www.paysagesrossignol.com\/en\/product\/courge-vegetable-spaghetti-2\/","title":{"rendered":"Courge Vegetable Spaghetti"},"content":{"rendered":"<h1>Voir disponibilit\u00e9 en magasin<\/h1>\n<p>C&#8217;est une courge d&#8217;hiver \u00e0 tiges coureuses. Les fruits sont cylindriques et mesurent 25-30 cm (10-12&#34;) de longueur et 18 cm (7&#34;) de diam\u00e8tre. Ce cultivar produit de gros fruits devenant jaune cr\u00e8me \u00e0 maturit\u00e9. Faites bouillir ou cuire au four jusqu&#8217;\u00e0 ce que l&#8217;\u00e9piderme puisse \u00eatre perc\u00e9 avec une fourchette. Ensuite coupez en deux et enlevez les graines avant de gratter l&#8217;int\u00e9rieur et en ressortir des lani\u00e8res de chaire semblables \u00e0 des spaghetti.<\/p>\n<p>75-100 jours \u00e0 la r\u00e9colte<\/p>\n<p>McKenzie<\/p>\n","protected":false},"excerpt":{"rendered":"<p>Voir disponibilit\u00e9 en magasin C&#8217;est une courge d&#8217;hiver \u00e0 tiges coureuses. Les fruits sont cylindriques et mesurent 25-30 cm (10-12&#34;) de longueur et 18 cm (7&#34;) de diam\u00e8tre. Ce cultivar produit de gros fruits devenant jaune cr\u00e8me \u00e0 maturit\u00e9. Faites bouillir ou cuire au four jusqu&#8217;\u00e0 ce que l&#8217;\u00e9piderme puisse \u00eatre perc\u00e9 avec une fourchette. [&hellip;]<\/p>\n","protected":false},"featured_media":9588,"comment_status":"closed","ping_status":"closed","template":"","meta":{"_acf_changed":false,"_seopress_robots_primary_cat":"","_seopress_titles_title":"","_seopress_titles_desc":"","_seopress_robots_index":"","_seopress_analysis_target_kw":""},"product_brand":[],"product_cat":[31,39],"product_tag":[],"class_list":{"0":"post-9587","1":"product","2":"type-product","3":"status-publish","4":"has-post-thumbnail","6":"product_cat-amenagement-jardin","7":"product_cat-semence-potagere","9":"first","10":"instock","11":"taxable","12":"shipping-taxable","13":"purchasable","14":"product-type-simple"},"acf":[],"_links":{"self":[{"href":"https:\/\/www.paysagesrossignol.com\/en\/wp-json\/wp\/v2\/product\/9587","targetHints":{"allow":["GET"]}}],"collection":[{"href":"https:\/\/www.paysagesrossignol.com\/en\/wp-json\/wp\/v2\/product"}],"about":[{"href":"https:\/\/www.paysagesrossignol.com\/en\/wp-json\/wp\/v2\/types\/product"}],"replies":[{"embeddable":true,"href":"https:\/\/www.paysagesrossignol.com\/en\/wp-json\/wp\/v2\/comments?post=9587"}],"wp:featuredmedia":[{"embeddable":true,"href":"https:\/\/www.paysagesrossignol.com\/en\/wp-json\/wp\/v2\/media\/9588"}],"wp:attachment":[{"href":"https:\/\/www.paysagesrossignol.com\/en\/wp-json\/wp\/v2\/media?parent=9587"}],"wp:term":[{"taxonomy":"product_brand","embeddable":true,"href":"https:\/\/www.paysagesrossignol.com\/en\/wp-json\/wp\/v2\/product_brand?post=9587"},{"taxonomy":"product_cat","embeddable":true,"href":"https:\/\/www.paysagesrossignol.com\/en\/wp-json\/wp\/v2\/product_cat?post=9587"},{"taxonomy":"product_tag","embeddable":true,"href":"https:\/\/www.paysagesrossignol.com\/en\/wp-json\/wp\/v2\/product_tag?post=9587"}],"curies":[{"name":"wp","href":"https:\/\/api.w.org\/{rel}","templated":true}]}}