{"id":9595,"date":"2026-03-10T04:00:50","date_gmt":"2026-03-10T08:00:50","guid":{"rendered":"https:\/\/www.paysagesrossignol.com\/product\/poivron-wicked-ghost\/"},"modified":"2026-05-04T11:07:49","modified_gmt":"2026-05-04T15:07:49","slug":"poivron-wicked-ghost","status":"publish","type":"product","link":"https:\/\/www.paysagesrossignol.com\/en\/product\/poivron-wicked-ghost\/","title":{"rendered":"Poivron Wicked Ghost"},"content":{"rendered":"<h1>Voir disponibilit\u00e9 en magasin<\/h1>\n<p>Un hybride du piment Bhut Jolokia (Ghost). Attention &#8211; avertissement d&#8217;intensit\u00e9 extr\u00eame! Ce piment br\u00fblant produit des piments pointus rouges de 7 cm (2,5&#8243;) qui d\u00e9passent 800 000 sur l&#8217;\u00e9chelle de Scoville. Si vous \u00eates amateur de piments super forts, celui-ci est fait pour vous. *apr\u00e8s la transplantation au jardin<\/p>\n<p>*90 jours \u00e0 la r\u00e9colte<\/p>\n<p>McKenzie<\/p>\n","protected":false},"excerpt":{"rendered":"<p>Voir disponibilit\u00e9 en magasin Un hybride du piment Bhut Jolokia (Ghost). Attention &#8211; avertissement d&#8217;intensit\u00e9 extr\u00eame! Ce piment br\u00fblant produit des piments pointus rouges de 7 cm (2,5&#8243;) qui d\u00e9passent 800 000 sur l&#8217;\u00e9chelle de Scoville. Si vous \u00eates amateur de piments super forts, celui-ci est fait pour vous. *apr\u00e8s la transplantation au jardin *90 [&hellip;]<\/p>\n","protected":false},"featured_media":9596,"comment_status":"closed","ping_status":"open","template":"","meta":{"_acf_changed":false,"_seopress_robots_primary_cat":"","_seopress_titles_title":"","_seopress_titles_desc":"","_seopress_robots_index":"","_seopress_analysis_target_kw":""},"product_brand":[],"product_cat":[31,39],"product_tag":[],"class_list":{"0":"post-9595","1":"product","2":"type-product","3":"status-publish","4":"has-post-thumbnail","6":"product_cat-amenagement-jardin","7":"product_cat-semence-potagere","9":"first","10":"instock","11":"taxable","12":"shipping-taxable","13":"purchasable","14":"product-type-simple"},"acf":[],"_links":{"self":[{"href":"https:\/\/www.paysagesrossignol.com\/en\/wp-json\/wp\/v2\/product\/9595","targetHints":{"allow":["GET"]}}],"collection":[{"href":"https:\/\/www.paysagesrossignol.com\/en\/wp-json\/wp\/v2\/product"}],"about":[{"href":"https:\/\/www.paysagesrossignol.com\/en\/wp-json\/wp\/v2\/types\/product"}],"replies":[{"embeddable":true,"href":"https:\/\/www.paysagesrossignol.com\/en\/wp-json\/wp\/v2\/comments?post=9595"}],"wp:featuredmedia":[{"embeddable":true,"href":"https:\/\/www.paysagesrossignol.com\/en\/wp-json\/wp\/v2\/media\/9596"}],"wp:attachment":[{"href":"https:\/\/www.paysagesrossignol.com\/en\/wp-json\/wp\/v2\/media?parent=9595"}],"wp:term":[{"taxonomy":"product_brand","embeddable":true,"href":"https:\/\/www.paysagesrossignol.com\/en\/wp-json\/wp\/v2\/product_brand?post=9595"},{"taxonomy":"product_cat","embeddable":true,"href":"https:\/\/www.paysagesrossignol.com\/en\/wp-json\/wp\/v2\/product_cat?post=9595"},{"taxonomy":"product_tag","embeddable":true,"href":"https:\/\/www.paysagesrossignol.com\/en\/wp-json\/wp\/v2\/product_tag?post=9595"}],"curies":[{"name":"wp","href":"https:\/\/api.w.org\/{rel}","templated":true}]}}