{"id":9693,"date":"2026-03-11T04:00:32","date_gmt":"2026-03-11T08:00:32","guid":{"rendered":"https:\/\/www.paysagesrossignol.com\/product\/erable-rouge-2\/"},"modified":"2026-05-04T11:16:58","modified_gmt":"2026-05-04T15:16:58","slug":"erable-rouge-2","status":"publish","type":"product","link":"https:\/\/www.paysagesrossignol.com\/en\/product\/erable-rouge-2\/","title":{"rendered":"\u00c9rable Rouge"},"content":{"rendered":"<h1>Voir la disponibilit\u00e9 en magasin<\/h1>\n<h3><strong>Nom latin : Acer Rubrum<\/strong><\/h3>\n<p>Grand arbre indig\u00e8ne tr\u00e8s r\u00e9pandu, l&#8217;\u00e9rable rouge est appr\u00e9ci\u00e9 pour sa grande adaptabilit\u00e9 et sa magnifique coloration automnale. Il s&#8217;int\u00e8gre bien dans les am\u00e9nagements naturels et urbains, \u00e0 condition de lui offrir un sol ad\u00e9quat, et constitue une valeur s\u00fbre pour le Qu\u00e9bec.<\/p>\n<p data-section-id=\"fo4qqk\" data-start=\"471\" data-end=\"494\">Caract\u00e9ristiques<\/p>\n<ul data-start=\"496\" data-end=\"785\">\n<li data-section-id=\"1ojpnfj\" data-start=\"496\" data-end=\"523\">Hauteur : 15 \u00e0 20 m<\/li>\n<li data-section-id=\"w2xpb2\" data-start=\"524\" data-end=\"550\">Largeur : 10 \u00e0 15 m<\/li>\n<li data-section-id=\"11my5pj\" data-start=\"551\" data-end=\"578\">Croissance : Moyenne \u00e0 rapide<\/li>\n<li data-section-id=\"1rtnc6\" data-start=\"580\" data-end=\"607\">Exposition : Soleil \u00e0 mi-ombre<\/li>\n<li data-section-id=\"14g315k\" data-start=\"608\" data-end=\"679\">Sol : Pr\u00e9f\u00e8re les sols frais \u00e0 humides, tol\u00e8re certaines conditions vari\u00e9es<\/li>\n<li data-section-id=\"13nbvfc\" data-start=\"680\" data-end=\"698\">Zone : 3<\/li>\n<li data-section-id=\"c9e9g0\" data-start=\"700\" data-end=\"747\">Feuillage : Vert, feuilles typiques de l&#8217;\u00e9rable rouge<\/li>\n<li data-section-id=\"qxzh2q\" data-start=\"748\" data-end=\"785\">Couleur automnale : Rouge (variable selon conditions)<\/li>\n<\/ul>\n","protected":false},"excerpt":{"rendered":"<p>Voir la disponibilit\u00e9 en magasin Nom latin : Acer Rubrum Grand arbre indig\u00e8ne tr\u00e8s r\u00e9pandu, l&#8217;\u00e9rable rouge est appr\u00e9ci\u00e9 pour sa grande adaptabilit\u00e9 et sa magnifique coloration automnale. Il s&#8217;int\u00e8gre bien dans les am\u00e9nagements naturels et urbains, \u00e0 condition de lui offrir un sol ad\u00e9quat, et constitue une valeur s\u00fbre pour le Qu\u00e9bec. Caract\u00e9ristiques Hauteur [&hellip;]<\/p>\n","protected":false},"featured_media":2634,"comment_status":"closed","ping_status":"open","template":"","meta":{"_acf_changed":false,"_seopress_robots_primary_cat":"","_seopress_titles_title":"","_seopress_titles_desc":"","_seopress_robots_index":"","_seopress_analysis_target_kw":""},"product_brand":[],"product_cat":[44,43],"product_tag":[],"class_list":{"0":"post-9693","1":"product","2":"type-product","3":"status-publish","4":"has-post-thumbnail","6":"product_cat-arbres","7":"product_cat-vegetaux","8":"pa_format-150-cm","9":"pa_format-175-cm","10":"pa_format-200-cm","11":"pa_format-225-cm","12":"pa_format-25-mm","13":"pa_format-250-cm","14":"pa_format-30-mm","15":"pa_format-35-mm","16":"pa_format-40-mm","17":"pa_format-45-mm","18":"pa_format-50-mm","19":"pa_format-55-mm","20":"pa_format-60-mm","21":"pa_format-65-mm","22":"pa_format-70-mm","23":"pa_format-75-mm","24":"pa_format-80-mm","25":"pa_format-85-mm","26":"pa_format-90-mm","28":"first","29":"instock","30":"taxable","31":"shipping-taxable","32":"purchasable","33":"product-type-variable"},"acf":[],"_links":{"self":[{"href":"https:\/\/www.paysagesrossignol.com\/en\/wp-json\/wp\/v2\/product\/9693","targetHints":{"allow":["GET"]}}],"collection":[{"href":"https:\/\/www.paysagesrossignol.com\/en\/wp-json\/wp\/v2\/product"}],"about":[{"href":"https:\/\/www.paysagesrossignol.com\/en\/wp-json\/wp\/v2\/types\/product"}],"replies":[{"embeddable":true,"href":"https:\/\/www.paysagesrossignol.com\/en\/wp-json\/wp\/v2\/comments?post=9693"}],"wp:featuredmedia":[{"embeddable":true,"href":"https:\/\/www.paysagesrossignol.com\/en\/wp-json\/wp\/v2\/media\/2634"}],"wp:attachment":[{"href":"https:\/\/www.paysagesrossignol.com\/en\/wp-json\/wp\/v2\/media?parent=9693"}],"wp:term":[{"taxonomy":"product_brand","embeddable":true,"href":"https:\/\/www.paysagesrossignol.com\/en\/wp-json\/wp\/v2\/product_brand?post=9693"},{"taxonomy":"product_cat","embeddable":true,"href":"https:\/\/www.paysagesrossignol.com\/en\/wp-json\/wp\/v2\/product_cat?post=9693"},{"taxonomy":"product_tag","embeddable":true,"href":"https:\/\/www.paysagesrossignol.com\/en\/wp-json\/wp\/v2\/product_tag?post=9693"}],"curies":[{"name":"wp","href":"https:\/\/api.w.org\/{rel}","templated":true}]}}