{"id":9768,"date":"2026-03-11T04:00:11","date_gmt":"2026-03-11T08:00:11","guid":{"rendered":"https:\/\/www.paysagesrossignol.com\/product\/micocoulier-occidental\/"},"modified":"2026-05-04T11:10:13","modified_gmt":"2026-05-04T15:10:13","slug":"micocoulier-occidental","status":"publish","type":"product","link":"https:\/\/www.paysagesrossignol.com\/en\/product\/micocoulier-occidental\/","title":{"rendered":"Micocoulier Occidental"},"content":{"rendered":"<h1>Voir disponibilit\u00e9 en magasin<\/h1>\n<h3>Nom latin : Celtis Occidentalis<\/h3>\n<p>Arbre indig\u00e8ne robuste, le micocoulier occidental est reconnu pour sa <strong data-start=\"186\" data-end=\"232\">grande tol\u00e9rance aux conditions difficiles<\/strong> : s\u00e9cheresse, sols pauvres, compaction et pollution. Son <strong data-start=\"290\" data-end=\"315\">port large et arrondi<\/strong> et son <strong data-start=\"323\" data-end=\"342\">feuillage dense<\/strong> en font un excellent arbre d\u2019ombrage pour les <strong data-start=\"389\" data-end=\"442\">milieux urbains, les parcs et les grands terrains<\/strong>.<\/p>\n<h3 data-section-id=\"fo4qqk\" data-start=\"450\" data-end=\"473\">Caract\u00e9ristiques<\/h3>\n<ul data-start=\"475\" data-end=\"769\">\n<li data-section-id=\"11rz0wj\" data-start=\"475\" data-end=\"502\"><strong data-start=\"477\" data-end=\"490\">Hauteur :<\/strong> 15 \u00e0 20 m<\/li>\n<li data-section-id=\"fma5kf\" data-start=\"503\" data-end=\"530\"><strong data-start=\"505\" data-end=\"518\">Largeur :<\/strong> 12 \u00e0 18 m<\/li>\n<li data-section-id=\"11qi670\" data-start=\"531\" data-end=\"568\"><strong data-start=\"533\" data-end=\"549\">Croissance :<\/strong> Moyenne \u00e0 rapide<\/li>\n<li data-section-id=\"1rtnc6\" data-start=\"570\" data-end=\"597\"><strong data-start=\"572\" data-end=\"588\">Exposition :<\/strong> Soleil<\/li>\n<li data-section-id=\"1tonejz\" data-start=\"598\" data-end=\"664\"><strong data-start=\"600\" data-end=\"609\">Sol :<\/strong> Tr\u00e8s adaptable, tol\u00e8re sols secs, pauvres et urbains<\/li>\n<li data-section-id=\"13nbx3u\" data-start=\"665\" data-end=\"683\"><strong data-start=\"667\" data-end=\"677\">Zone :<\/strong> 3\u20136<\/li>\n<li data-section-id=\"fbz645\" data-start=\"685\" data-end=\"735\"><strong data-start=\"687\" data-end=\"702\">Feuillage :<\/strong> Vert moyen, l\u00e9g\u00e8rement rugueux<\/li>\n<li data-section-id=\"qhopv8\" data-start=\"736\" data-end=\"769\"><strong data-start=\"738\" data-end=\"761\">Couleur automnale :<\/strong> Jaune<\/li>\n<\/ul>\n<p>&nbsp;<\/p>\n<h1><\/h1>\n","protected":false},"excerpt":{"rendered":"<p>Voir disponibilit\u00e9 en magasin Nom latin : Celtis Occidentalis Arbre indig\u00e8ne robuste, le micocoulier occidental est reconnu pour sa grande tol\u00e9rance aux conditions difficiles : s\u00e9cheresse, sols pauvres, compaction et pollution. Son port large et arrondi et son feuillage dense en font un excellent arbre d\u2019ombrage pour les milieux urbains, les parcs et les grands [&hellip;]<\/p>\n","protected":false},"featured_media":2631,"comment_status":"closed","ping_status":"open","template":"","meta":{"_acf_changed":false,"_seopress_robots_primary_cat":"","_seopress_titles_title":"","_seopress_titles_desc":"","_seopress_robots_index":"","_seopress_analysis_target_kw":""},"product_brand":[],"product_cat":[44,43],"product_tag":[],"class_list":{"0":"post-9768","1":"product","2":"type-product","3":"status-publish","4":"has-post-thumbnail","6":"product_cat-arbres","7":"product_cat-vegetaux","8":"pa_format-40-mm","9":"pa_format-45-mm","10":"pa_format-50-mm","11":"pa_format-55-mm","12":"pa_format-75-cm","14":"first","15":"instock","16":"taxable","17":"shipping-taxable","18":"purchasable","19":"product-type-variable"},"acf":[],"_links":{"self":[{"href":"https:\/\/www.paysagesrossignol.com\/en\/wp-json\/wp\/v2\/product\/9768","targetHints":{"allow":["GET"]}}],"collection":[{"href":"https:\/\/www.paysagesrossignol.com\/en\/wp-json\/wp\/v2\/product"}],"about":[{"href":"https:\/\/www.paysagesrossignol.com\/en\/wp-json\/wp\/v2\/types\/product"}],"replies":[{"embeddable":true,"href":"https:\/\/www.paysagesrossignol.com\/en\/wp-json\/wp\/v2\/comments?post=9768"}],"wp:featuredmedia":[{"embeddable":true,"href":"https:\/\/www.paysagesrossignol.com\/en\/wp-json\/wp\/v2\/media\/2631"}],"wp:attachment":[{"href":"https:\/\/www.paysagesrossignol.com\/en\/wp-json\/wp\/v2\/media?parent=9768"}],"wp:term":[{"taxonomy":"product_brand","embeddable":true,"href":"https:\/\/www.paysagesrossignol.com\/en\/wp-json\/wp\/v2\/product_brand?post=9768"},{"taxonomy":"product_cat","embeddable":true,"href":"https:\/\/www.paysagesrossignol.com\/en\/wp-json\/wp\/v2\/product_cat?post=9768"},{"taxonomy":"product_tag","embeddable":true,"href":"https:\/\/www.paysagesrossignol.com\/en\/wp-json\/wp\/v2\/product_tag?post=9768"}],"curies":[{"name":"wp","href":"https:\/\/api.w.org\/{rel}","templated":true}]}}