{"id":9798,"date":"2026-03-11T04:00:28","date_gmt":"2026-03-11T08:00:28","guid":{"rendered":"https:\/\/www.paysagesrossignol.com\/product\/erable-de-lamur-ruby-slippers\/"},"modified":"2026-05-04T11:10:02","modified_gmt":"2026-05-04T15:10:02","slug":"erable-de-lamur-ruby-slippers","status":"publish","type":"product","link":"https:\/\/www.paysagesrossignol.com\/en\/product\/erable-de-lamur-ruby-slippers\/","title":{"rendered":"\u00c9rable de l&#8217;Amur Ruby Slippers"},"content":{"rendered":"<h1>Voir disponibilit\u00e9 en magasin<\/h1>\n<h3>Nom latin : Acer Ginnala Ruby Slippers<\/h3>\n<p>Petit arbre tr\u00e8s compact s\u00e9lectionn\u00e9 pour son port dense et uniforme ainsi que sa coloration automnale rouge \u00e9clatante. &#8216;Ruby Slippers&#8217; est particuli\u00e8rement adpat\u00e9 aux espaces restreints et aux am\u00e9nagements urbains, tout en conservant la grande rusticit\u00e9 propre \u00e0 l&#8217;\u00e9rable de l&#8217;amur.<\/p>\n<p>Caract\u00e9ristiques<\/p>\n<ul>\n<li>Hauteur : 5 \u00e0 7 m<\/li>\n<li>Largeur : 4 \u00e0 5 m<\/li>\n<li>Croissance : Moyenne<\/li>\n<li>Exposition : Soleil \u00e0 mi-ombre<\/li>\n<li>Sol : Adaptable, tol\u00e8re sols pauvres et secs<\/li>\n<li>Zone : 2<\/li>\n<li>Feuillage : Vert, petites feuilles trilob\u00e9es, dense<\/li>\n<li>Couleur automnale : Rouge vif<\/li>\n<\/ul>\n","protected":false},"excerpt":{"rendered":"<p>Voir disponibilit\u00e9 en magasin Nom latin : Acer Ginnala Ruby Slippers Petit arbre tr\u00e8s compact s\u00e9lectionn\u00e9 pour son port dense et uniforme ainsi que sa coloration automnale rouge \u00e9clatante. &#8216;Ruby Slippers&#8217; est particuli\u00e8rement adpat\u00e9 aux espaces restreints et aux am\u00e9nagements urbains, tout en conservant la grande rusticit\u00e9 propre \u00e0 l&#8217;\u00e9rable de l&#8217;amur. Caract\u00e9ristiques Hauteur : [&hellip;]<\/p>\n","protected":false},"featured_media":9799,"comment_status":"closed","ping_status":"open","template":"","meta":{"_acf_changed":false,"_seopress_robots_primary_cat":"","_seopress_titles_title":"","_seopress_titles_desc":"","_seopress_robots_index":"","_seopress_analysis_target_kw":""},"product_brand":[],"product_cat":[44,43],"product_tag":[],"class_list":{"0":"post-9798","1":"product","2":"type-product","3":"status-publish","4":"has-post-thumbnail","6":"product_cat-arbres","7":"product_cat-vegetaux","8":"pa_format-150-cm","9":"pa_format-175-cm","10":"pa_format-200-cm","11":"pa_format-225-cm","12":"pa_format-25-mm","13":"pa_format-250-cm","14":"pa_format-30-mm","15":"pa_format-35-mm","16":"pa_format-40-mm","17":"pa_format-45-mm","18":"pa_format-50-mm","19":"pa_format-55-mm","20":"pa_format-60-mm","21":"pa_format-65-mm","22":"pa_format-70-mm","24":"first","25":"instock","26":"taxable","27":"shipping-taxable","28":"purchasable","29":"product-type-variable"},"acf":[],"_links":{"self":[{"href":"https:\/\/www.paysagesrossignol.com\/en\/wp-json\/wp\/v2\/product\/9798","targetHints":{"allow":["GET"]}}],"collection":[{"href":"https:\/\/www.paysagesrossignol.com\/en\/wp-json\/wp\/v2\/product"}],"about":[{"href":"https:\/\/www.paysagesrossignol.com\/en\/wp-json\/wp\/v2\/types\/product"}],"replies":[{"embeddable":true,"href":"https:\/\/www.paysagesrossignol.com\/en\/wp-json\/wp\/v2\/comments?post=9798"}],"wp:featuredmedia":[{"embeddable":true,"href":"https:\/\/www.paysagesrossignol.com\/en\/wp-json\/wp\/v2\/media\/9799"}],"wp:attachment":[{"href":"https:\/\/www.paysagesrossignol.com\/en\/wp-json\/wp\/v2\/media?parent=9798"}],"wp:term":[{"taxonomy":"product_brand","embeddable":true,"href":"https:\/\/www.paysagesrossignol.com\/en\/wp-json\/wp\/v2\/product_brand?post=9798"},{"taxonomy":"product_cat","embeddable":true,"href":"https:\/\/www.paysagesrossignol.com\/en\/wp-json\/wp\/v2\/product_cat?post=9798"},{"taxonomy":"product_tag","embeddable":true,"href":"https:\/\/www.paysagesrossignol.com\/en\/wp-json\/wp\/v2\/product_tag?post=9798"}],"curies":[{"name":"wp","href":"https:\/\/api.w.org\/{rel}","templated":true}]}}