{"id":9805,"date":"2026-03-11T04:00:03","date_gmt":"2026-03-11T08:00:03","guid":{"rendered":"https:\/\/www.paysagesrossignol.com\/product\/erable-crimson-sunset\/"},"modified":"2026-05-04T11:16:42","modified_gmt":"2026-05-04T15:16:42","slug":"erable-crimson-sunset","status":"publish","type":"product","link":"https:\/\/www.paysagesrossignol.com\/en\/product\/erable-crimson-sunset\/","title":{"rendered":"\u00c9rable de Norv\u00e8ge Crimson Sunset"},"content":{"rendered":"<h1>Voir disponibilit\u00e9 en magasin<\/h1>\n<h3>Nom latin : Acer Platanoides Crimson Sunset<\/h3>\n<p>Arbre au feuillage pourpre fonc\u00e9 intense, &#8216;Crimson Sunset&#8217; se distingue par sa meilleure vigueur et sa r\u00e9sistance accrue aux conditions difficiles comparativement aux autres \u00e9rables pourpres. Il forme une couronne large et dense, id\u00e9al pour cr\u00e9er un impact visuel fort en milieu urbain ou dans les grands am\u00e9nagements.<\/p>\n<p data-start=\"546\" data-end=\"569\" data-section-id=\"fo4qqk\">Caract\u00e9ristiques<\/p>\n<ul data-start=\"571\" data-end=\"855\">\n<li data-start=\"571\" data-end=\"598\" data-section-id=\"5qem1j\">Hauteur : 12 \u00e0 15 m<\/li>\n<li data-start=\"599\" data-end=\"625\" data-section-id=\"w1iv6k\">Largeur : 10 \u00e0 12 m<\/li>\n<li data-start=\"626\" data-end=\"663\" data-section-id=\"11qi670\">Croissance : Moyenne \u00e0 rapide<\/li>\n<li data-start=\"665\" data-end=\"692\" data-section-id=\"1rtnc6\">Exposition : Soleil \u00e0 mi-ombre<\/li>\n<li data-start=\"693\" data-end=\"745\" data-section-id=\"1fhpmo8\">Sol : Tr\u00e8s adaptable, tol\u00e8re argile, compaction et coniditions urbaines<\/li>\n<li data-start=\"746\" data-end=\"762\" data-section-id=\"13fqkk8\">Zone : 4<\/li>\n<li data-start=\"764\" data-end=\"805\" data-section-id=\"1c98yb9\">Feuillage : Pourpre fonc\u00e9, dense et lustr\u00e9<\/li>\n<li data-start=\"806\" data-end=\"855\" data-section-id=\"18mq08p\">Couleur automnale : Pourpre \u00e0 rouge fonc\u00e9<\/li>\n<\/ul>\n","protected":false},"excerpt":{"rendered":"<p>Voir disponibilit\u00e9 en magasin Nom latin : Acer Platanoides Crimson Sunset Arbre au feuillage pourpre fonc\u00e9 intense, &#8216;Crimson Sunset&#8217; se distingue par sa meilleure vigueur et sa r\u00e9sistance accrue aux conditions difficiles comparativement aux autres \u00e9rables pourpres. Il forme une couronne large et dense, id\u00e9al pour cr\u00e9er un impact visuel fort en milieu urbain ou [&hellip;]<\/p>\n","protected":false},"featured_media":9806,"comment_status":"closed","ping_status":"open","template":"","meta":{"_acf_changed":false,"_seopress_robots_primary_cat":"","_seopress_titles_title":"","_seopress_titles_desc":"","_seopress_robots_index":"","_seopress_analysis_target_kw":""},"product_brand":[],"product_cat":[44,43],"product_tag":[],"class_list":{"0":"post-9805","1":"product","2":"type-product","3":"status-publish","4":"has-post-thumbnail","6":"product_cat-arbres","7":"product_cat-vegetaux","8":"pa_format-150-cm","9":"pa_format-175-cm","10":"pa_format-200-cm","11":"pa_format-225-cm","12":"pa_format-25-mm","13":"pa_format-250-cm","14":"pa_format-30-mm","15":"pa_format-35-mm","16":"pa_format-40-mm","17":"pa_format-45-mm","18":"pa_format-50-mm","19":"pa_format-55-mm","20":"pa_format-60-mm","21":"pa_format-65-mm","22":"pa_format-70-mm","24":"first","25":"instock","26":"taxable","27":"shipping-taxable","28":"purchasable","29":"product-type-variable"},"acf":[],"_links":{"self":[{"href":"https:\/\/www.paysagesrossignol.com\/en\/wp-json\/wp\/v2\/product\/9805","targetHints":{"allow":["GET"]}}],"collection":[{"href":"https:\/\/www.paysagesrossignol.com\/en\/wp-json\/wp\/v2\/product"}],"about":[{"href":"https:\/\/www.paysagesrossignol.com\/en\/wp-json\/wp\/v2\/types\/product"}],"replies":[{"embeddable":true,"href":"https:\/\/www.paysagesrossignol.com\/en\/wp-json\/wp\/v2\/comments?post=9805"}],"wp:featuredmedia":[{"embeddable":true,"href":"https:\/\/www.paysagesrossignol.com\/en\/wp-json\/wp\/v2\/media\/9806"}],"wp:attachment":[{"href":"https:\/\/www.paysagesrossignol.com\/en\/wp-json\/wp\/v2\/media?parent=9805"}],"wp:term":[{"taxonomy":"product_brand","embeddable":true,"href":"https:\/\/www.paysagesrossignol.com\/en\/wp-json\/wp\/v2\/product_brand?post=9805"},{"taxonomy":"product_cat","embeddable":true,"href":"https:\/\/www.paysagesrossignol.com\/en\/wp-json\/wp\/v2\/product_cat?post=9805"},{"taxonomy":"product_tag","embeddable":true,"href":"https:\/\/www.paysagesrossignol.com\/en\/wp-json\/wp\/v2\/product_tag?post=9805"}],"curies":[{"name":"wp","href":"https:\/\/api.w.org\/{rel}","templated":true}]}}