{"id":9912,"date":"2026-03-10T04:00:02","date_gmt":"2026-03-10T08:00:02","guid":{"rendered":"https:\/\/www.paysagesrossignol.com\/product\/tomate-jubilee\/"},"modified":"2026-05-04T11:11:21","modified_gmt":"2026-05-04T15:11:21","slug":"tomate-jubilee","status":"publish","type":"product","link":"https:\/\/www.paysagesrossignol.com\/en\/product\/tomate-jubilee\/","title":{"rendered":"Tomate Jubilee"},"content":{"rendered":"<h1>Voir disponibilit\u00e9 en magasin<\/h1>\n<p>Les fruits prim\u00e9s de 226 g (8 oz) de couleur orange dor\u00e9 ont une saveur douce et non acide. Grand, globuleux et lisse avec un int\u00e9rieur charnu \u00e0 parois \u00e9paisses. Ind\u00e9termin\u00e9 &#8211; aucun tuteur n\u00e9cessaire<\/p>\n<p>80 jours \u00e0 la r\u00e9colte<\/p>\n<p>McKenzie<\/p>\n","protected":false},"excerpt":{"rendered":"<p>Voir disponibilit\u00e9 en magasin Les fruits prim\u00e9s de 226 g (8 oz) de couleur orange dor\u00e9 ont une saveur douce et non acide. Grand, globuleux et lisse avec un int\u00e9rieur charnu \u00e0 parois \u00e9paisses. Ind\u00e9termin\u00e9 &#8211; aucun tuteur n\u00e9cessaire 80 jours \u00e0 la r\u00e9colte McKenzie<\/p>\n","protected":false},"featured_media":9913,"comment_status":"closed","ping_status":"open","template":"","meta":{"_acf_changed":false,"_seopress_robots_primary_cat":"","_seopress_titles_title":"","_seopress_titles_desc":"","_seopress_robots_index":"","_seopress_analysis_target_kw":""},"product_brand":[],"product_cat":[31,39],"product_tag":[],"class_list":{"0":"post-9912","1":"product","2":"type-product","3":"status-publish","4":"has-post-thumbnail","6":"product_cat-amenagement-jardin","7":"product_cat-semence-potagere","9":"first","10":"instock","11":"taxable","12":"shipping-taxable","13":"purchasable","14":"product-type-simple"},"acf":[],"_links":{"self":[{"href":"https:\/\/www.paysagesrossignol.com\/en\/wp-json\/wp\/v2\/product\/9912","targetHints":{"allow":["GET"]}}],"collection":[{"href":"https:\/\/www.paysagesrossignol.com\/en\/wp-json\/wp\/v2\/product"}],"about":[{"href":"https:\/\/www.paysagesrossignol.com\/en\/wp-json\/wp\/v2\/types\/product"}],"replies":[{"embeddable":true,"href":"https:\/\/www.paysagesrossignol.com\/en\/wp-json\/wp\/v2\/comments?post=9912"}],"wp:featuredmedia":[{"embeddable":true,"href":"https:\/\/www.paysagesrossignol.com\/en\/wp-json\/wp\/v2\/media\/9913"}],"wp:attachment":[{"href":"https:\/\/www.paysagesrossignol.com\/en\/wp-json\/wp\/v2\/media?parent=9912"}],"wp:term":[{"taxonomy":"product_brand","embeddable":true,"href":"https:\/\/www.paysagesrossignol.com\/en\/wp-json\/wp\/v2\/product_brand?post=9912"},{"taxonomy":"product_cat","embeddable":true,"href":"https:\/\/www.paysagesrossignol.com\/en\/wp-json\/wp\/v2\/product_cat?post=9912"},{"taxonomy":"product_tag","embeddable":true,"href":"https:\/\/www.paysagesrossignol.com\/en\/wp-json\/wp\/v2\/product_tag?post=9912"}],"curies":[{"name":"wp","href":"https:\/\/api.w.org\/{rel}","templated":true}]}}