{"id":9915,"date":"2026-03-30T04:00:51","date_gmt":"2026-03-30T08:00:51","guid":{"rendered":"https:\/\/www.paysagesrossignol.com\/product\/fumier-composte-avec-tourbe-25l\/"},"modified":"2026-05-04T11:11:22","modified_gmt":"2026-05-04T15:11:22","slug":"fumier-composte-avec-tourbe-25l","status":"publish","type":"product","link":"https:\/\/www.paysagesrossignol.com\/en\/product\/fumier-composte-avec-tourbe-25l\/","title":{"rendered":"Fumier Compost\u00e9 avec Tourbe Bovin 25L"},"content":{"rendered":"<h1>Voir disponibilit\u00e9 en magasin<\/h1>\n<p>Le Fumier compost\u00e9 avec tourbe BOVIN est sp\u00e9cialement con\u00e7u pour l&#8217;entretien du potager et des plates-bandes. Cet amendement am\u00e9liore la structure du sol tout en apportant les \u00e9l\u00e9ments nutritifs essentiels \u00e0 une croissance saine et vigoureuse.<\/p>\n<p>&nbsp;<\/p>\n","protected":false},"excerpt":{"rendered":"<p>Voir disponibilit\u00e9 en magasin Le Fumier compost\u00e9 avec tourbe BOVIN est sp\u00e9cialement con\u00e7u pour l&#8217;entretien du potager et des plates-bandes. Cet amendement am\u00e9liore la structure du sol tout en apportant les \u00e9l\u00e9ments nutritifs essentiels \u00e0 une croissance saine et vigoureuse. &nbsp;<\/p>\n","protected":false},"featured_media":9916,"comment_status":"closed","ping_status":"open","template":"","meta":{"_acf_changed":false,"_seopress_robots_primary_cat":"","_seopress_titles_title":"","_seopress_titles_desc":"","_seopress_robots_index":"","_seopress_analysis_target_kw":""},"product_brand":[],"product_cat":[41,40],"product_tag":[],"class_list":{"0":"post-9915","1":"product","2":"type-product","3":"status-publish","4":"has-post-thumbnail","6":"product_cat-compost","7":"product_cat-soin-jardin","9":"first","10":"instock","11":"taxable","12":"shipping-taxable","13":"purchasable","14":"product-type-simple"},"acf":[],"_links":{"self":[{"href":"https:\/\/www.paysagesrossignol.com\/en\/wp-json\/wp\/v2\/product\/9915","targetHints":{"allow":["GET"]}}],"collection":[{"href":"https:\/\/www.paysagesrossignol.com\/en\/wp-json\/wp\/v2\/product"}],"about":[{"href":"https:\/\/www.paysagesrossignol.com\/en\/wp-json\/wp\/v2\/types\/product"}],"replies":[{"embeddable":true,"href":"https:\/\/www.paysagesrossignol.com\/en\/wp-json\/wp\/v2\/comments?post=9915"}],"wp:featuredmedia":[{"embeddable":true,"href":"https:\/\/www.paysagesrossignol.com\/en\/wp-json\/wp\/v2\/media\/9916"}],"wp:attachment":[{"href":"https:\/\/www.paysagesrossignol.com\/en\/wp-json\/wp\/v2\/media?parent=9915"}],"wp:term":[{"taxonomy":"product_brand","embeddable":true,"href":"https:\/\/www.paysagesrossignol.com\/en\/wp-json\/wp\/v2\/product_brand?post=9915"},{"taxonomy":"product_cat","embeddable":true,"href":"https:\/\/www.paysagesrossignol.com\/en\/wp-json\/wp\/v2\/product_cat?post=9915"},{"taxonomy":"product_tag","embeddable":true,"href":"https:\/\/www.paysagesrossignol.com\/en\/wp-json\/wp\/v2\/product_tag?post=9915"}],"curies":[{"name":"wp","href":"https:\/\/api.w.org\/{rel}","templated":true}]}}